{"id":2840,"date":"2020-05-20T17:01:25","date_gmt":"2020-05-20T17:01:25","guid":{"rendered":"http:\/\/beatheim.com\/desarrollo\/producto\/import-placeholder-for-2728\/"},"modified":"2023-02-20T21:10:21","modified_gmt":"2023-02-20T20:10:21","slug":"reserva-mesa-de-mezclas-online","status":"publish","type":"product","link":"https:\/\/www.beatheim.com\/es\/producto\/reserva-mesa-de-mezclas-online\/","title":{"rendered":"Mesa de Mezclas (Online)"},"content":{"rendered":"<div class=\"bt_bb_column col-xl-8 bt_bb_vertical_align_top bt_bb_align_left bt_bb_padding_normal bt_bb_animation_fade_in animate animated\" data-width=\"8\" data-bt-override-class=\"{}\">\n<div class=\"bt_bb_column_content\">\n<div class=\"bt_bb_column_content_inner\">\n<header class=\"bt_bb_headline bt_bb_dash_none bt_bb_size_normal bt_bb_align_center\" data-bt-override-class=\"{}\">\n<h2 class=\"bt_bb_headline_tag\"><span class=\"bt_bb_headline_content\">\u00bfQue har\u00e1s con este curso de mesa de mezclas online? <\/span><\/h2>\n<\/header>\n<div class=\"bt_bb_separator bt_bb_border_style_none bt_bb_top_spacing_medium\" data-bt-override-class=\"null\"><\/div>\n<div class=\"bt_bb_text\">\n<div>\n<p>Descubre en profundidad los entresijos de tu mejor aliado a la hora de mezclar: Mesa de Mezclas online o\u00a0 DJ Mixer.<\/p>\n<p>En este m\u00f3dulo aprender\u00e1s desde cero, todo lo necesario para dominar esta valiosa herramienta de trabajo a la perfecci\u00f3n.<\/p>\n<p>Conocer\u00e1s al detalle todos los tipos de conexiones que ofrece. Qu\u00e9 tipos de cables de audio son los m\u00e1s adecuados en cada situaci\u00f3n, o cu\u00e1les son las principales diferencias entre las mesas de mezclas anal\u00f3gicas y digitales.<\/p>\n<p>\u00a1Pondremos en pr\u00e1ctica tus conocimientos para que aprendas por ti mismo a conectar todo correctamente, localizar\u00e1s fallos y controlar\u00e1s\u00a0todas las funciones de la mesa de mezclas exprimi\u00e9ndola al m\u00e1ximo!<\/p>\n<\/div>\n<\/div>\n<div class=\"bt_bb_separator bt_bb_border_style_none bt_bb_bottom_spacing_normal\" data-bt-override-class=\"null\"><\/div>\n<header class=\"bt_bb_headline bt_bb_dash_bottom bt_bb_size_small bt_bb_align_center\" data-bt-override-class=\"{}\">\n<h3 class=\"bt_bb_headline_tag\"><span class=\"bt_bb_headline_content\">Programa<\/span><\/h3>\n<\/header>\n<div class=\"bt_bb_separator bt_bb_border_style_none bt_bb_top_spacing_small\" data-bt-override-class=\"null\"><\/div>\n<div class=\"bt_bb_row_inner\" data-structure=\"12\">\n<div class=\"bt_bb_column_inner col-xl-12 bt_bb_align_left bt_bb_vertical_align_top\" data-width=\"12\" data-bt-override-class=\"{}\">\n<div class=\"bt_bb_column_inner_content\">\n<div class=\"bt_bb_text\">\n<ul>\n<li>Tipos de conexiones<\/li>\n<li>Cable balanceado y no balanceado<\/li>\n<li>DJ Mixer anal\u00f3gica vs. DJ Mixer digital<\/li>\n<li>Funciones y controles<\/li>\n<\/ul>\n<p>&nbsp;<\/p>\n<p>&nbsp;<\/p>\n<\/div>\n<\/div>\n<\/div>\n<\/div>\n<\/div>\n<\/div>\n<\/div>\n","protected":false},"excerpt":{"rendered":"<p>\u00bfQue har\u00e1s con este curso de mesa de mezclas online? Descubre en profundidad los entresijos de tu mejor aliado a la hora de mezclar: Mesa de Mezclas online o\u00a0 DJ Mixer. En este m\u00f3dulo aprender\u00e1s desde cero, todo lo necesario para dominar esta valiosa herramienta de trabajo a la perfecci\u00f3n. Conocer\u00e1s al detalle todos los&#8230;<\/p>\n","protected":false},"featured_media":11032,"template":"","meta":[],"product_brand":[],"product_cat":[39,59],"product_tag":[],"class_list":{"0":"post-2840","1":"product","2":"type-product","3":"status-publish","4":"has-post-thumbnail","6":"product_cat-online","7":"product_cat-principiante","9":"first","10":"instock","11":"downloadable","12":"virtual","13":"purchasable","14":"product-type-appointment"},"exclude_global_add_ons":[],"addons":[],"yoast_head":"<!-- This site is optimized with the Yoast SEO plugin v27.4 - https:\/\/yoast.com\/product\/yoast-seo-wordpress\/ -->\n<title>Mesa de Mezclas (Online) &#187; BEATHEIM<\/title>\n<meta name=\"description\" content=\"\u00bfQuieres aprender a mezclar m\u00fasica como un DJ profesional? \u00a1Nuestro curso de mesa de mezclas online te ense\u00f1ar\u00e1 todo lo que necesitas saber!\" \/>\n<meta name=\"robots\" content=\"index, follow, max-snippet:-1, max-image-preview:large, max-video-preview:-1\" \/>\n<link rel=\"canonical\" href=\"https:\/\/www.beatheim.com\/es\/producto\/reserva-mesa-de-mezclas-online\/\" \/>\n<meta property=\"og:locale\" content=\"es_ES\" \/>\n<meta property=\"og:type\" content=\"article\" \/>\n<meta property=\"og:title\" content=\"Mesa de Mezclas (Online) &#187; BEATHEIM\" \/>\n<meta property=\"og:description\" content=\"\u00bfQuieres aprender a mezclar m\u00fasica como un DJ profesional? \u00a1Nuestro curso de mesa de mezclas online te ense\u00f1ar\u00e1 todo lo que necesitas saber!\" \/>\n<meta property=\"og:url\" content=\"https:\/\/www.beatheim.com\/es\/producto\/reserva-mesa-de-mezclas-online\/\" \/>\n<meta property=\"og:site_name\" content=\"BEATHEIM\" \/>\n<meta property=\"article:publisher\" content=\"https:\/\/www.facebook.com\/Beatheimdjacademy\" \/>\n<meta property=\"article:modified_time\" content=\"2023-02-20T20:10:21+00:00\" \/>\n<meta property=\"og:image\" content=\"https:\/\/www.beatheim.com\/wp-content\/uploads\/2020\/05\/DJ-Modulo-2-Iniciacion-Online-ES.png\" \/>\n\t<meta property=\"og:image:width\" content=\"584\" \/>\n\t<meta property=\"og:image:height\" content=\"466\" \/>\n\t<meta property=\"og:image:type\" content=\"image\/png\" \/>\n<meta name=\"twitter:card\" content=\"summary_large_image\" \/>\n<meta name=\"twitter:label1\" content=\"Tiempo de lectura\" \/>\n\t<meta name=\"twitter:data1\" content=\"1 minuto\" \/>\n<script type=\"application\/ld+json\" class=\"yoast-schema-graph\">{\"@context\":\"https:\\\/\\\/schema.org\",\"@graph\":[{\"@type\":\"WebPage\",\"@id\":\"https:\\\/\\\/www.beatheim.com\\\/es\\\/producto\\\/reserva-mesa-de-mezclas-online\\\/\",\"url\":\"https:\\\/\\\/www.beatheim.com\\\/es\\\/producto\\\/reserva-mesa-de-mezclas-online\\\/\",\"name\":\"Mesa de Mezclas (Online) &#187; BEATHEIM\",\"isPartOf\":{\"@id\":\"https:\\\/\\\/www.beatheim.com\\\/es\\\/#website\"},\"primaryImageOfPage\":{\"@id\":\"https:\\\/\\\/www.beatheim.com\\\/es\\\/producto\\\/reserva-mesa-de-mezclas-online\\\/#primaryimage\"},\"image\":{\"@id\":\"https:\\\/\\\/www.beatheim.com\\\/es\\\/producto\\\/reserva-mesa-de-mezclas-online\\\/#primaryimage\"},\"thumbnailUrl\":\"https:\\\/\\\/www.beatheim.com\\\/wp-content\\\/uploads\\\/2020\\\/05\\\/DJ-Modulo-2-Iniciacion-Online-ES.png\",\"datePublished\":\"2020-05-20T17:01:25+00:00\",\"dateModified\":\"2023-02-20T20:10:21+00:00\",\"description\":\"\u00bfQuieres aprender a mezclar m\u00fasica como un DJ profesional? \u00a1Nuestro curso de mesa de mezclas online te ense\u00f1ar\u00e1 todo lo que necesitas saber!\",\"breadcrumb\":{\"@id\":\"https:\\\/\\\/www.beatheim.com\\\/es\\\/producto\\\/reserva-mesa-de-mezclas-online\\\/#breadcrumb\"},\"inLanguage\":\"es\",\"potentialAction\":[{\"@type\":\"ReadAction\",\"target\":[\"https:\\\/\\\/www.beatheim.com\\\/es\\\/producto\\\/reserva-mesa-de-mezclas-online\\\/\"]}]},{\"@type\":\"ImageObject\",\"inLanguage\":\"es\",\"@id\":\"https:\\\/\\\/www.beatheim.com\\\/es\\\/producto\\\/reserva-mesa-de-mezclas-online\\\/#primaryimage\",\"url\":\"https:\\\/\\\/www.beatheim.com\\\/wp-content\\\/uploads\\\/2020\\\/05\\\/DJ-Modulo-2-Iniciacion-Online-ES.png\",\"contentUrl\":\"https:\\\/\\\/www.beatheim.com\\\/wp-content\\\/uploads\\\/2020\\\/05\\\/DJ-Modulo-2-Iniciacion-Online-ES.png\",\"width\":584,\"height\":466,\"caption\":\"DJ M\u00f3dulo 2. Principiante - Online\"},{\"@type\":\"BreadcrumbList\",\"@id\":\"https:\\\/\\\/www.beatheim.com\\\/es\\\/producto\\\/reserva-mesa-de-mezclas-online\\\/#breadcrumb\",\"itemListElement\":[{\"@type\":\"ListItem\",\"position\":1,\"name\":\"Tienda\",\"item\":\"https:\\\/\\\/www.beatheim.com\\\/es\\\/tienda\\\/\"},{\"@type\":\"ListItem\",\"position\":2,\"name\":\"Mesa de Mezclas (Online)\"}]},{\"@type\":\"WebSite\",\"@id\":\"https:\\\/\\\/www.beatheim.com\\\/es\\\/#website\",\"url\":\"https:\\\/\\\/www.beatheim.com\\\/es\\\/\",\"name\":\"BEATHEIM\",\"description\":\"Beatheim DJ Academy in Berlin\",\"potentialAction\":[{\"@type\":\"SearchAction\",\"target\":{\"@type\":\"EntryPoint\",\"urlTemplate\":\"https:\\\/\\\/www.beatheim.com\\\/es\\\/?s={search_term_string}\"},\"query-input\":{\"@type\":\"PropertyValueSpecification\",\"valueRequired\":true,\"valueName\":\"search_term_string\"}}],\"inLanguage\":\"es\"}]}<\/script>\n<!-- \/ Yoast SEO plugin. -->","yoast_head_json":{"title":"Mesa de Mezclas (Online) &#187; BEATHEIM","description":"\u00bfQuieres aprender a mezclar m\u00fasica como un DJ profesional? \u00a1Nuestro curso de mesa de mezclas online te ense\u00f1ar\u00e1 todo lo que necesitas saber!","robots":{"index":"index","follow":"follow","max-snippet":"max-snippet:-1","max-image-preview":"max-image-preview:large","max-video-preview":"max-video-preview:-1"},"canonical":"https:\/\/www.beatheim.com\/es\/producto\/reserva-mesa-de-mezclas-online\/","og_locale":"es_ES","og_type":"article","og_title":"Mesa de Mezclas (Online) &#187; BEATHEIM","og_description":"\u00bfQuieres aprender a mezclar m\u00fasica como un DJ profesional? \u00a1Nuestro curso de mesa de mezclas online te ense\u00f1ar\u00e1 todo lo que necesitas saber!","og_url":"https:\/\/www.beatheim.com\/es\/producto\/reserva-mesa-de-mezclas-online\/","og_site_name":"BEATHEIM","article_publisher":"https:\/\/www.facebook.com\/Beatheimdjacademy","article_modified_time":"2023-02-20T20:10:21+00:00","og_image":[{"width":584,"height":466,"url":"https:\/\/www.beatheim.com\/wp-content\/uploads\/2020\/05\/DJ-Modulo-2-Iniciacion-Online-ES.png","type":"image\/png"}],"twitter_card":"summary_large_image","twitter_misc":{"Tiempo de lectura":"1 minuto"},"schema":{"@context":"https:\/\/schema.org","@graph":[{"@type":"WebPage","@id":"https:\/\/www.beatheim.com\/es\/producto\/reserva-mesa-de-mezclas-online\/","url":"https:\/\/www.beatheim.com\/es\/producto\/reserva-mesa-de-mezclas-online\/","name":"Mesa de Mezclas (Online) &#187; BEATHEIM","isPartOf":{"@id":"https:\/\/www.beatheim.com\/es\/#website"},"primaryImageOfPage":{"@id":"https:\/\/www.beatheim.com\/es\/producto\/reserva-mesa-de-mezclas-online\/#primaryimage"},"image":{"@id":"https:\/\/www.beatheim.com\/es\/producto\/reserva-mesa-de-mezclas-online\/#primaryimage"},"thumbnailUrl":"https:\/\/www.beatheim.com\/wp-content\/uploads\/2020\/05\/DJ-Modulo-2-Iniciacion-Online-ES.png","datePublished":"2020-05-20T17:01:25+00:00","dateModified":"2023-02-20T20:10:21+00:00","description":"\u00bfQuieres aprender a mezclar m\u00fasica como un DJ profesional? \u00a1Nuestro curso de mesa de mezclas online te ense\u00f1ar\u00e1 todo lo que necesitas saber!","breadcrumb":{"@id":"https:\/\/www.beatheim.com\/es\/producto\/reserva-mesa-de-mezclas-online\/#breadcrumb"},"inLanguage":"es","potentialAction":[{"@type":"ReadAction","target":["https:\/\/www.beatheim.com\/es\/producto\/reserva-mesa-de-mezclas-online\/"]}]},{"@type":"ImageObject","inLanguage":"es","@id":"https:\/\/www.beatheim.com\/es\/producto\/reserva-mesa-de-mezclas-online\/#primaryimage","url":"https:\/\/www.beatheim.com\/wp-content\/uploads\/2020\/05\/DJ-Modulo-2-Iniciacion-Online-ES.png","contentUrl":"https:\/\/www.beatheim.com\/wp-content\/uploads\/2020\/05\/DJ-Modulo-2-Iniciacion-Online-ES.png","width":584,"height":466,"caption":"DJ M\u00f3dulo 2. Principiante - Online"},{"@type":"BreadcrumbList","@id":"https:\/\/www.beatheim.com\/es\/producto\/reserva-mesa-de-mezclas-online\/#breadcrumb","itemListElement":[{"@type":"ListItem","position":1,"name":"Tienda","item":"https:\/\/www.beatheim.com\/es\/tienda\/"},{"@type":"ListItem","position":2,"name":"Mesa de Mezclas (Online)"}]},{"@type":"WebSite","@id":"https:\/\/www.beatheim.com\/es\/#website","url":"https:\/\/www.beatheim.com\/es\/","name":"BEATHEIM","description":"Beatheim DJ Academy in Berlin","potentialAction":[{"@type":"SearchAction","target":{"@type":"EntryPoint","urlTemplate":"https:\/\/www.beatheim.com\/es\/?s={search_term_string}"},"query-input":{"@type":"PropertyValueSpecification","valueRequired":true,"valueName":"search_term_string"}}],"inLanguage":"es"}]}},"_links":{"self":[{"href":"https:\/\/www.beatheim.com\/es\/wp-json\/wp\/v2\/product\/2840","targetHints":{"allow":["GET"]}}],"collection":[{"href":"https:\/\/www.beatheim.com\/es\/wp-json\/wp\/v2\/product"}],"about":[{"href":"https:\/\/www.beatheim.com\/es\/wp-json\/wp\/v2\/types\/product"}],"wp:featuredmedia":[{"embeddable":true,"href":"https:\/\/www.beatheim.com\/es\/wp-json\/wp\/v2\/media\/11032"}],"wp:attachment":[{"href":"https:\/\/www.beatheim.com\/es\/wp-json\/wp\/v2\/media?parent=2840"}],"wp:term":[{"taxonomy":"product_brand","embeddable":true,"href":"https:\/\/www.beatheim.com\/es\/wp-json\/wp\/v2\/product_brand?post=2840"},{"taxonomy":"product_cat","embeddable":true,"href":"https:\/\/www.beatheim.com\/es\/wp-json\/wp\/v2\/product_cat?post=2840"},{"taxonomy":"product_tag","embeddable":true,"href":"https:\/\/www.beatheim.com\/es\/wp-json\/wp\/v2\/product_tag?post=2840"}],"curies":[{"name":"wp","href":"https:\/\/api.w.org\/{rel}","templated":true}]}}