{"id":33,"date":"2020-04-23T15:10:24","date_gmt":"2020-04-23T15:10:24","guid":{"rendered":"http:\/\/localhost\/beatheim.com\/?page_id=33"},"modified":"2023-05-29T15:26:12","modified_gmt":"2023-05-29T13:26:12","slug":"packs","status":"publish","type":"page","link":"https:\/\/www.beatheim.com\/es\/packs\/","title":{"rendered":"Packs"},"content":{"rendered":"<p><section id=\"bt_bb_section69e915c81fb93\" class=\"bt_bb_section bt_bb_layout_boxed_1300 bt_bb_vertical_align_top bt_bb_background_overlay_dark_gradient bt_bb_top_spacing_large bt_bb_bottom_spacing_large\"  data-bt-override-class=\"null\"><div class=\"bt_bb_background_image_holder_wrapper\"><div class=\"bt_bb_background_image_holder bt_bb_parallax\"  data-parallax=\"0.7\" data-parallax-offset=\"0\" data-parallax-zoom-start=\"1\" data-parallax-zoom-end=\"1\" data-parallax-blur-start=\"0\" data-parallax-blur-end=\"0\" data-parallax-opacity-start=\"1\" data-parallax-opacity-end=\"1\" style=\" background-image:url(&#039;https:\/\/www.beatheim.com\/wp-content\/uploads\/packs-berlin-dj-academy.jpg&#039;);\"><\/div><\/div><div class=\"bt_bb_port\"><div class=\"bt_bb_cell\"><div class=\"bt_bb_cell_inner\"><div class=\"bt_bb_row \"  data-bt-override-class=\"{}\"><div class=\"bt_bb_row_holder\" ><div  class=\"bt_bb_column col-xxl-12 col-xl-12 bt_bb_vertical_align_top bt_bb_align_center bt_bb_padding_normal bt_bb_animation_fade_in move_up animate\" style=\"; --column-width:12;\" data-width=\"12\" data-bt-override-class=\"{}\"><div class=\"bt_bb_column_content\"><div class=\"bt_bb_column_content_inner\"><div class=\"bt_bb_separator bt_bb_border_style_none bt_bb_top_spacing_large bt_bb_bottom_spacing_large\" data-bt-override-class=\"null\"><\/div><header class=\"bt_bb_headline bt_bb_font_weight_lighter bt_bb_dash_none bt_bb_size_large bt_bb_align_inherit\" data-bt-override-class=\"{}\"><h1 class=\"bt_bb_headline_tag\"><span class=\"bt_bb_headline_content\"><span>PACKS DE MODULOS<\/span><\/span><\/h1><\/header><div class=\"bt_bb_separator bt_bb_border_style_none bt_bb_top_spacing_medium\" data-bt-override-class=\"null\"><\/div><\/div><\/div><\/div><\/div><\/div><\/div><!-- cell_inner --><\/div><!-- cell --><\/div><!-- port --><\/section><section id=\"bt_bb_section69e915c8204e7\" class=\"bt_bb_section bt_bb_layout_boxed_1400 bt_bb_vertical_align_top bt_bb_top_spacing_large\"  data-bt-override-class=\"null\"><div class=\"bt_bb_port\"><div class=\"bt_bb_cell\"><div class=\"bt_bb_cell_inner\"><div class=\"bt_bb_row  espacio-letras-0\"  data-bt-override-class=\"{}\"><div class=\"bt_bb_row_holder\" ><div  class=\"bt_bb_column col-xxl-3 col-xl-3 bt_bb_vertical_align_top bt_bb_align_center bt_bb_padding_normal bt_bb_animation_fade_in animate\" style=\"margin-bottom:40px; --column-width:3;\" data-width=\"3\" data-bt-override-class=\"{}\"><div class=\"bt_bb_column_content\" style=\"background-color:rgba(0, 0, 0, 0.5);\"><div class=\"bt_bb_column_content_inner\"><div class=\"bt_bb_price_list bt_bb_color_scheme_4 bt_bb_currency_position_left\" style=\"; --primary-color:#3f888f; --secondary-color:#ffffff;\"><div class=\"bt_bb_price_list_title\">Pack B\u00e1sico<\/div><div class=\"bt_bb_price_list_subtitle\">10 horas en total<\/div><div class=\"bt_bb_price_list_price\"><span class=\"bt_bb_price_list_currency\"><del>\u20ac750<\/del><\/span><span class=\"bt_bb_price_list_amount\">\u20ac699<\/span><\/div><ul><li>M\u00f3dulo Iniciaci\u00f3n<br>(M\u00f3dulo 0)<\/li><li>La figura del DJ<br>(M\u00f3dulo 1)<\/li><li>Mesa de mezclas<br>(M\u00f3dulo 2)<\/li><li>Reproductor de audio Digital<br>(M\u00f3dulo 3)<\/li><li>Mezcla con XDJ<br>(M\u00f3dulo 13)<br><i>100% Pr\u00e1ctico<\/i><\/li><\/ul><\/div><div class=\"bt_bb_separator bt_bb_border_style_none bt_bb_top_spacing_normal\" data-bt-override-class=\"null\"><\/div><div class=\"bt_bb_button bt_bb_color_scheme_11 bt_bb_icon_position_left bt_bb_style_filled bt_bb_size_small bt_bb_width_inline bt_bb_shape_inherit bt_bb_target_self bt_bb_align_inherit\" style=\"; --primary-color:#ffffff; --secondary-color:#3f888f;\" data-bt-override-class=\"{&quot;bt_bb_size_&quot;:{&quot;current_class&quot;:&quot;bt_bb_size_small&quot;,&quot;def&quot;:&quot;small&quot;,&quot;xl&quot;:&quot;small&quot;},&quot;bt_bb_align_&quot;:{&quot;current_class&quot;:&quot;bt_bb_align_inherit&quot;,&quot;def&quot;:&quot;inherit&quot;,&quot;xl&quot;:&quot;inherit&quot;}}\"><a href=\"https:\/\/www.beatheim.com\/es\/producto\/reserva-pack-basico\/\" target=\"_self\" class=\"bt_bb_link\" title=\"RESERVA AHORA\"><span class=\"bt_bb_button_text\" >RESERVA AHORA<\/span><\/a><\/div><div class=\"bt_bb_button bt_bb_color_scheme_11 bt_bb_icon_position_left bt_bb_style_filled bt_bb_size_small bt_bb_width_inline bt_bb_shape_inherit bt_bb_target_self bt_bb_align_inherit\" style=\"; --primary-color:#ffffff; --secondary-color:#3f888f;\" data-bt-override-class=\"{&quot;bt_bb_size_&quot;:{&quot;current_class&quot;:&quot;bt_bb_size_small&quot;,&quot;def&quot;:&quot;small&quot;,&quot;xl&quot;:&quot;small&quot;},&quot;bt_bb_align_&quot;:{&quot;current_class&quot;:&quot;bt_bb_align_inherit&quot;,&quot;def&quot;:&quot;inherit&quot;,&quot;xl&quot;:&quot;inherit&quot;}}\"><a href=\"https:\/\/www.beatheim.com\/es\/producto\/voucher-pack-basico\/\" target=\"_self\" class=\"bt_bb_link\" title=\"COMPRA VALE DE REGALO\"><span class=\"bt_bb_button_text\" >COMPRA VALE DE REGALO<\/span><\/a><\/div><div class=\"bt_bb_separator bt_bb_border_style_none bt_bb_top_spacing_small\" data-bt-override-class=\"null\"><\/div><div class=\"bt_bb_button bt_bb_color_scheme_8 bt_bb_icon_position_left bt_bb_style_outline bt_bb_size_small bt_bb_width_inline bt_bb_shape_inherit bt_bb_target_self bt_bb_align_inherit\" style=\"; --primary-color:#3f888f; --secondary-color:#ffffff;\" data-bt-override-class=\"{&quot;bt_bb_size_&quot;:{&quot;current_class&quot;:&quot;bt_bb_size_small&quot;,&quot;def&quot;:&quot;small&quot;,&quot;xl&quot;:&quot;small&quot;},&quot;bt_bb_align_&quot;:{&quot;current_class&quot;:&quot;bt_bb_align_inherit&quot;,&quot;def&quot;:&quot;inherit&quot;,&quot;xl&quot;:&quot;inherit&quot;}}\"><a href=\"https:\/\/www.beatheim.com\/es\/packs\/pack-basico\/\" target=\"_self\" class=\"bt_bb_link\" title=\"VER MAS\"><span class=\"bt_bb_button_text\" >VER MAS<\/span><\/a><\/div><div class=\"bt_bb_separator bt_bb_border_style_none bt_bb_top_spacing_medium\" data-bt-override-class=\"null\"><\/div><\/div><\/div><\/div><div  class=\"bt_bb_column col-xxl-3 col-xl-3 bt_bb_vertical_align_top bt_bb_align_center bt_bb_padding_normal bt_bb_animation_fade_in animate\" style=\"margin-bottom:40px; --column-width:3;\" data-width=\"3\" data-bt-override-class=\"{}\"><div class=\"bt_bb_column_content\" style=\"background-color:rgba(0, 0, 0, 0.5);\"><div class=\"bt_bb_column_content_inner\"><div class=\"bt_bb_price_list bt_bb_color_scheme_4 bt_bb_currency_position_left\" style=\"; --primary-color:#3f888f; --secondary-color:#ffffff;\"><div class=\"bt_bb_price_list_title\">Pack Mejora<\/div><div class=\"bt_bb_price_list_subtitle\">10 horas en total<\/div><div class=\"bt_bb_price_list_price\"><span class=\"bt_bb_price_list_currency\"><del>\u20ac750<\/del><\/span><span class=\"bt_bb_price_list_amount\">\u20ac699<\/span><\/div><ul><li>Plato de vinilo (Turntable)<br>(M\u00f3dulo 4)<\/li><li>Controlador MIDI (DJ Digital)<br>(M\u00f3dulo 5)<\/li><li>Estructura y sincronizaci\u00f3n<br>(M\u00f3dulo 6)<\/li><li>Librer\u00eda musical (Rekordbox)<br>(M\u00f3dulo 7)<\/li><li>Mezcla con vinilo<br>(M\u00f3dulo 12)<br><i>100% Pr\u00e1ctico<\/i><\/li><\/ul><\/div><div class=\"bt_bb_separator bt_bb_border_style_none bt_bb_top_spacing_normal\" data-bt-override-class=\"null\"><\/div><div class=\"bt_bb_button bt_bb_color_scheme_11 bt_bb_icon_position_left bt_bb_style_filled bt_bb_size_small bt_bb_width_inline bt_bb_shape_inherit bt_bb_target_self bt_bb_align_inherit\" style=\"; --primary-color:#ffffff; --secondary-color:#3f888f;\" data-bt-override-class=\"{&quot;bt_bb_size_&quot;:{&quot;current_class&quot;:&quot;bt_bb_size_small&quot;,&quot;def&quot;:&quot;small&quot;,&quot;xl&quot;:&quot;small&quot;},&quot;bt_bb_align_&quot;:{&quot;current_class&quot;:&quot;bt_bb_align_inherit&quot;,&quot;def&quot;:&quot;inherit&quot;,&quot;xl&quot;:&quot;inherit&quot;}}\"><a href=\"https:\/\/www.beatheim.com\/es\/producto\/reserva-pack-mejora\/\" target=\"_self\" class=\"bt_bb_link\" title=\"RESERVA AHORA\"><span class=\"bt_bb_button_text\" >RESERVA AHORA<\/span><\/a><\/div><div class=\"bt_bb_button bt_bb_color_scheme_11 bt_bb_icon_position_left bt_bb_style_filled bt_bb_size_small bt_bb_width_inline bt_bb_shape_inherit bt_bb_target_self bt_bb_align_inherit\" style=\"; --primary-color:#ffffff; --secondary-color:#3f888f;\" data-bt-override-class=\"{&quot;bt_bb_size_&quot;:{&quot;current_class&quot;:&quot;bt_bb_size_small&quot;,&quot;def&quot;:&quot;small&quot;,&quot;xl&quot;:&quot;small&quot;},&quot;bt_bb_align_&quot;:{&quot;current_class&quot;:&quot;bt_bb_align_inherit&quot;,&quot;def&quot;:&quot;inherit&quot;,&quot;xl&quot;:&quot;inherit&quot;}}\"><a href=\"https:\/\/www.beatheim.com\/es\/producto\/voucher-pack-mejora\/\" target=\"_self\" class=\"bt_bb_link\" title=\"COMPRA VALE DE REGALO\"><span class=\"bt_bb_button_text\" >COMPRA VALE DE REGALO<\/span><\/a><\/div><div class=\"bt_bb_separator bt_bb_border_style_none bt_bb_top_spacing_small\" data-bt-override-class=\"null\"><\/div><div class=\"bt_bb_button bt_bb_color_scheme_8 bt_bb_icon_position_left bt_bb_style_outline bt_bb_size_small bt_bb_width_inline bt_bb_shape_inherit bt_bb_target_self bt_bb_align_inherit\" style=\"; --primary-color:#3f888f; --secondary-color:#ffffff;\" data-bt-override-class=\"{&quot;bt_bb_size_&quot;:{&quot;current_class&quot;:&quot;bt_bb_size_small&quot;,&quot;def&quot;:&quot;small&quot;,&quot;xl&quot;:&quot;small&quot;},&quot;bt_bb_align_&quot;:{&quot;current_class&quot;:&quot;bt_bb_align_inherit&quot;,&quot;def&quot;:&quot;inherit&quot;,&quot;xl&quot;:&quot;inherit&quot;}}\"><a href=\"https:\/\/www.beatheim.com\/es\/packs\/pack-mejora\/\" target=\"_self\" class=\"bt_bb_link\" title=\"VER MAS\"><span class=\"bt_bb_button_text\" >VER MAS<\/span><\/a><\/div><div class=\"bt_bb_separator bt_bb_border_style_none bt_bb_top_spacing_medium\" data-bt-override-class=\"null\"><\/div><\/div><\/div><\/div><div  class=\"bt_bb_column col-xxl-3 col-xl-3 bt_bb_vertical_align_top bt_bb_align_center bt_bb_padding_normal bt_bb_animation_fade_in animate\" style=\"margin-bottom:40px; --column-width:3;\" data-width=\"3\" data-bt-override-class=\"{}\"><div class=\"bt_bb_column_content\" style=\"background-color:rgba(0, 0, 0, 0.5);\"><div class=\"bt_bb_column_content_inner\"><div class=\"bt_bb_raw_content\"><div id=\"DJ_Performance\">\nIncl. Actuaci\u00f3n de DJ\n<\/div><\/div><div data-bb-version=\"4.5.5\" class=\"bt_bb_price_list bt_bb_color_scheme_4 bt_bb_currency_position_left\" style=\"; --primary-color:#3f888f; --secondary-color:#ffffff;\"><div class=\"bt_bb_price_list_title\">Pack Master<\/div><div class=\"bt_bb_price_list_subtitle\">15 horas en total<\/div><div class=\"bt_bb_price_list_price\"><span class=\"bt_bb_price_list_currency\"><del>\u20ac1400<\/del><\/span><span class=\"bt_bb_price_list_amount\">\u20ac1299<\/span><\/div><ul><li>Efectos de audio (FX)<br>(M\u00f3dulo 8)<\/li><li>Configuraci\u00f3n de tu DJ Setup<br>(M\u00f3dulo 9)<\/li><li>Psicolog\u00eda y promoci\u00f3n del DJ<br>(M\u00f3dulo 10)<\/li><li>Live-streaming DJ Set<br>(M\u00f3dulo 11)<\/li><li>Mezcla con vinilo y XDJ<br>(M\u00f3dulos 12 y 13)<br><i>100% Pr\u00e1ctico<\/i><\/li><li>DJ Set en bar\/club<br>(M\u00f3dulo 14)<br><i>Actuaci\u00f3n en vivo<\/i><\/li><\/ul><\/div><div class=\"bt_bb_separator bt_bb_border_style_none bt_bb_top_spacing_normal\" data-bt-override-class=\"null\"><\/div><div class=\"bt_bb_button bt_bb_color_scheme_11 bt_bb_icon_position_left bt_bb_style_filled bt_bb_size_small bt_bb_width_inline bt_bb_shape_inherit bt_bb_target_self bt_bb_align_inherit\" style=\"; --primary-color:#ffffff; --secondary-color:#3f888f;\" data-bt-override-class=\"{&quot;bt_bb_size_&quot;:{&quot;current_class&quot;:&quot;bt_bb_size_small&quot;,&quot;def&quot;:&quot;small&quot;,&quot;xl&quot;:&quot;small&quot;},&quot;bt_bb_align_&quot;:{&quot;current_class&quot;:&quot;bt_bb_align_inherit&quot;,&quot;def&quot;:&quot;inherit&quot;,&quot;xl&quot;:&quot;inherit&quot;}}\"><a href=\"https:\/\/www.beatheim.com\/es\/producto\/reserva-pack-master\/\" target=\"_self\" class=\"bt_bb_link\" title=\"RESERVA AHORA\"><span class=\"bt_bb_button_text\" >RESERVA AHORA<\/span><\/a><\/div><div class=\"bt_bb_button bt_bb_color_scheme_11 bt_bb_icon_position_left bt_bb_style_filled bt_bb_size_small bt_bb_width_inline bt_bb_shape_inherit bt_bb_target_self bt_bb_align_inherit\" style=\"; --primary-color:#ffffff; --secondary-color:#3f888f;\" data-bt-override-class=\"{&quot;bt_bb_size_&quot;:{&quot;current_class&quot;:&quot;bt_bb_size_small&quot;,&quot;def&quot;:&quot;small&quot;,&quot;xl&quot;:&quot;small&quot;},&quot;bt_bb_align_&quot;:{&quot;current_class&quot;:&quot;bt_bb_align_inherit&quot;,&quot;def&quot;:&quot;inherit&quot;,&quot;xl&quot;:&quot;inherit&quot;}}\"><a href=\"https:\/\/www.beatheim.com\/es\/producto\/voucher-pack-master\/\" target=\"_self\" class=\"bt_bb_link\" title=\"COMPRA VALE DE REGALO\"><span class=\"bt_bb_button_text\" >COMPRA VALE DE REGALO<\/span><\/a><\/div><div class=\"bt_bb_separator bt_bb_border_style_none bt_bb_top_spacing_small\" data-bt-override-class=\"null\"><\/div><div class=\"bt_bb_button bt_bb_color_scheme_8 bt_bb_icon_position_left bt_bb_style_outline bt_bb_size_small bt_bb_width_inline bt_bb_shape_inherit bt_bb_target_self bt_bb_align_inherit\" style=\"; --primary-color:#3f888f; --secondary-color:#ffffff;\" data-bt-override-class=\"{&quot;bt_bb_size_&quot;:{&quot;current_class&quot;:&quot;bt_bb_size_small&quot;,&quot;def&quot;:&quot;small&quot;,&quot;xl&quot;:&quot;small&quot;},&quot;bt_bb_align_&quot;:{&quot;current_class&quot;:&quot;bt_bb_align_inherit&quot;,&quot;def&quot;:&quot;inherit&quot;,&quot;xl&quot;:&quot;inherit&quot;}}\"><a href=\"https:\/\/www.beatheim.com\/es\/packs\/pack-master\/\" target=\"_self\" class=\"bt_bb_link\" title=\"VER MAS\"><span class=\"bt_bb_button_text\" >VER MAS<\/span><\/a><\/div><div class=\"bt_bb_separator bt_bb_border_style_none bt_bb_top_spacing_medium\" data-bt-override-class=\"null\"><\/div><\/div><\/div><\/div><div  class=\"bt_bb_column col-xxl-3 col-xl-3 bt_bb_vertical_align_top bt_bb_align_center bt_bb_padding_normal bt_bb_animation_fade_in animate\" style=\"margin-bottom:40px;; --column-width:3;\" data-width=\"3\" data-bt-override-class=\"{}\"><div class=\"bt_bb_column_content\" style=\"background-color:rgba(0, 0, 0, 0.5);\"><div class=\"bt_bb_column_content_inner\"><div class=\"bt_bb_raw_content\"><div id=\"DJ_Performance\">\nIncl. Actuaci\u00f3n de DJ\n<\/div><\/div><div data-bb-version=\"4.5.5\" class=\"bt_bb_price_list bt_bb_color_scheme_4 bt_bb_currency_position_left\" style=\"; --primary-color:#3f888f; --secondary-color:#ffffff;\"><div class=\"bt_bb_price_list_title\">Pack Completo<\/div><div class=\"bt_bb_price_list_subtitle\">30 horas en total<\/div><div class=\"bt_bb_price_list_price\"><span class=\"bt_bb_price_list_currency\"><del>\u20ac2700<\/del><\/span><span class=\"bt_bb_price_list_amount\">\u20ac2399<\/span><\/div><ul><li>M\u00f3dulo iniciaci\u00f3n<br>(M\u00f3dulo 0)<\/li><li>M\u00f3dulos principiante<br>(M\u00f3dulos 1, 2 y 3)<\/li><li>M\u00f3dulos intermedio<br>(M\u00f3dulos 4, 5, 6 y 7)<\/li><li>M\u00f3dulos profesional<br>(M\u00f3dulos 8, 9, 10 y 11)<\/li><li>Mezcla con vinilo y XDJ<br>(M\u00f3dulos 12 y 13)<br><i>100% Pr\u00e1ctico<\/i><\/li><li>DJ Set en bar\/club<br>(M\u00f3dulo 14)<br><i>Actuaci\u00f3n en vivo<\/i><\/li><\/ul><\/div><div class=\"bt_bb_separator bt_bb_border_style_none bt_bb_top_spacing_normal\" data-bt-override-class=\"null\"><\/div><div class=\"bt_bb_button bt_bb_color_scheme_11 bt_bb_icon_position_left bt_bb_style_filled bt_bb_size_small bt_bb_width_inline bt_bb_shape_inherit bt_bb_target_self bt_bb_align_inherit\" style=\"; --primary-color:#ffffff; --secondary-color:#3f888f;\" data-bt-override-class=\"{&quot;bt_bb_size_&quot;:{&quot;current_class&quot;:&quot;bt_bb_size_small&quot;,&quot;def&quot;:&quot;small&quot;,&quot;xl&quot;:&quot;small&quot;},&quot;bt_bb_align_&quot;:{&quot;current_class&quot;:&quot;bt_bb_align_inherit&quot;,&quot;def&quot;:&quot;inherit&quot;,&quot;xl&quot;:&quot;inherit&quot;}}\"><a href=\"https:\/\/www.beatheim.com\/es\/producto\/reserva-pack-completo\/\" target=\"_self\" class=\"bt_bb_link\" title=\"RESERVA AHORA\"><span class=\"bt_bb_button_text\" >RESERVA AHORA<\/span><\/a><\/div><div class=\"bt_bb_button bt_bb_color_scheme_11 bt_bb_icon_position_left bt_bb_style_filled bt_bb_size_small bt_bb_width_inline bt_bb_shape_inherit bt_bb_target_self bt_bb_align_inherit\" style=\"; --primary-color:#ffffff; --secondary-color:#3f888f;\" data-bt-override-class=\"{&quot;bt_bb_size_&quot;:{&quot;current_class&quot;:&quot;bt_bb_size_small&quot;,&quot;def&quot;:&quot;small&quot;,&quot;xl&quot;:&quot;small&quot;},&quot;bt_bb_align_&quot;:{&quot;current_class&quot;:&quot;bt_bb_align_inherit&quot;,&quot;def&quot;:&quot;inherit&quot;,&quot;xl&quot;:&quot;inherit&quot;}}\"><a href=\"https:\/\/www.beatheim.com\/es\/producto\/voucher-pack-completo\/\" target=\"_self\" class=\"bt_bb_link\" title=\"COMPRA VALE DE REGALO\"><span class=\"bt_bb_button_text\" >COMPRA VALE DE REGALO<\/span><\/a><\/div><div class=\"bt_bb_separator bt_bb_border_style_none bt_bb_top_spacing_small\" data-bt-override-class=\"null\"><\/div><div class=\"bt_bb_button bt_bb_color_scheme_8 bt_bb_icon_position_left bt_bb_style_outline bt_bb_size_small bt_bb_width_inline bt_bb_shape_inherit bt_bb_target_self bt_bb_align_inherit\" style=\"; --primary-color:#3f888f; --secondary-color:#ffffff;\" data-bt-override-class=\"{&quot;bt_bb_size_&quot;:{&quot;current_class&quot;:&quot;bt_bb_size_small&quot;,&quot;def&quot;:&quot;small&quot;,&quot;xl&quot;:&quot;small&quot;},&quot;bt_bb_align_&quot;:{&quot;current_class&quot;:&quot;bt_bb_align_inherit&quot;,&quot;def&quot;:&quot;inherit&quot;,&quot;xl&quot;:&quot;inherit&quot;}}\"><a href=\"https:\/\/www.beatheim.com\/es\/packs\/pack-completo\/\" target=\"_self\" class=\"bt_bb_link\" title=\"VER MAS\"><span class=\"bt_bb_button_text\" >VER MAS<\/span><\/a><\/div><div class=\"bt_bb_separator bt_bb_border_style_none bt_bb_top_spacing_medium\" data-bt-override-class=\"null\"><\/div><\/div><\/div><\/div><\/div><\/div><\/div><!-- cell_inner --><\/div><!-- cell --><\/div><!-- port --><\/section><\/p>\n","protected":false},"excerpt":{"rendered":"","protected":false},"author":1,"featured_media":0,"parent":0,"menu_order":0,"comment_status":"closed","ping_status":"closed","template":"","meta":{"footnotes":""},"class_list":["post-33","page","type-page","status-publish","hentry"],"yoast_head":"<!-- This site is optimized with the Yoast SEO plugin v27.4 - https:\/\/yoast.com\/product\/yoast-seo-wordpress\/ -->\n<title>Packs &#187; BEATHEIM<\/title>\n<meta name=\"robots\" content=\"index, follow, max-snippet:-1, max-image-preview:large, max-video-preview:-1\" \/>\n<link rel=\"canonical\" href=\"https:\/\/www.beatheim.com\/es\/packs\/\" \/>\n<meta property=\"og:locale\" content=\"es_ES\" \/>\n<meta property=\"og:type\" content=\"article\" \/>\n<meta property=\"og:title\" content=\"Packs &#187; BEATHEIM\" \/>\n<meta property=\"og:url\" content=\"https:\/\/www.beatheim.com\/es\/packs\/\" \/>\n<meta property=\"og:site_name\" content=\"BEATHEIM\" \/>\n<meta property=\"article:publisher\" content=\"https:\/\/www.facebook.com\/Beatheimdjacademy\" \/>\n<meta property=\"article:modified_time\" content=\"2023-05-29T13:26:12+00:00\" \/>\n<meta name=\"twitter:card\" content=\"summary_large_image\" \/>\n<meta name=\"twitter:label1\" content=\"Tiempo de lectura\" \/>\n\t<meta name=\"twitter:data1\" content=\"3 minutos\" \/>\n<script type=\"application\/ld+json\" class=\"yoast-schema-graph\">{\"@context\":\"https:\\\/\\\/schema.org\",\"@graph\":[{\"@type\":\"WebPage\",\"@id\":\"https:\\\/\\\/www.beatheim.com\\\/es\\\/packs\\\/\",\"url\":\"https:\\\/\\\/www.beatheim.com\\\/es\\\/packs\\\/\",\"name\":\"Packs &#187; BEATHEIM\",\"isPartOf\":{\"@id\":\"https:\\\/\\\/www.beatheim.com\\\/es\\\/#website\"},\"datePublished\":\"2020-04-23T15:10:24+00:00\",\"dateModified\":\"2023-05-29T13:26:12+00:00\",\"inLanguage\":\"es\",\"potentialAction\":[{\"@type\":\"ReadAction\",\"target\":[\"https:\\\/\\\/www.beatheim.com\\\/es\\\/packs\\\/\"]}]},{\"@type\":\"WebSite\",\"@id\":\"https:\\\/\\\/www.beatheim.com\\\/es\\\/#website\",\"url\":\"https:\\\/\\\/www.beatheim.com\\\/es\\\/\",\"name\":\"BEATHEIM\",\"description\":\"Beatheim DJ Academy in Berlin\",\"potentialAction\":[{\"@type\":\"SearchAction\",\"target\":{\"@type\":\"EntryPoint\",\"urlTemplate\":\"https:\\\/\\\/www.beatheim.com\\\/es\\\/?s={search_term_string}\"},\"query-input\":{\"@type\":\"PropertyValueSpecification\",\"valueRequired\":true,\"valueName\":\"search_term_string\"}}],\"inLanguage\":\"es\"}]}<\/script>\n<!-- \/ Yoast SEO plugin. -->","yoast_head_json":{"title":"Packs &#187; BEATHEIM","robots":{"index":"index","follow":"follow","max-snippet":"max-snippet:-1","max-image-preview":"max-image-preview:large","max-video-preview":"max-video-preview:-1"},"canonical":"https:\/\/www.beatheim.com\/es\/packs\/","og_locale":"es_ES","og_type":"article","og_title":"Packs &#187; BEATHEIM","og_url":"https:\/\/www.beatheim.com\/es\/packs\/","og_site_name":"BEATHEIM","article_publisher":"https:\/\/www.facebook.com\/Beatheimdjacademy","article_modified_time":"2023-05-29T13:26:12+00:00","twitter_card":"summary_large_image","twitter_misc":{"Tiempo de lectura":"3 minutos"},"schema":{"@context":"https:\/\/schema.org","@graph":[{"@type":"WebPage","@id":"https:\/\/www.beatheim.com\/es\/packs\/","url":"https:\/\/www.beatheim.com\/es\/packs\/","name":"Packs &#187; BEATHEIM","isPartOf":{"@id":"https:\/\/www.beatheim.com\/es\/#website"},"datePublished":"2020-04-23T15:10:24+00:00","dateModified":"2023-05-29T13:26:12+00:00","inLanguage":"es","potentialAction":[{"@type":"ReadAction","target":["https:\/\/www.beatheim.com\/es\/packs\/"]}]},{"@type":"WebSite","@id":"https:\/\/www.beatheim.com\/es\/#website","url":"https:\/\/www.beatheim.com\/es\/","name":"BEATHEIM","description":"Beatheim DJ Academy in Berlin","potentialAction":[{"@type":"SearchAction","target":{"@type":"EntryPoint","urlTemplate":"https:\/\/www.beatheim.com\/es\/?s={search_term_string}"},"query-input":{"@type":"PropertyValueSpecification","valueRequired":true,"valueName":"search_term_string"}}],"inLanguage":"es"}]}},"_links":{"self":[{"href":"https:\/\/www.beatheim.com\/es\/wp-json\/wp\/v2\/pages\/33","targetHints":{"allow":["GET"]}}],"collection":[{"href":"https:\/\/www.beatheim.com\/es\/wp-json\/wp\/v2\/pages"}],"about":[{"href":"https:\/\/www.beatheim.com\/es\/wp-json\/wp\/v2\/types\/page"}],"author":[{"embeddable":true,"href":"https:\/\/www.beatheim.com\/es\/wp-json\/wp\/v2\/users\/1"}],"replies":[{"embeddable":true,"href":"https:\/\/www.beatheim.com\/es\/wp-json\/wp\/v2\/comments?post=33"}],"version-history":[{"count":0,"href":"https:\/\/www.beatheim.com\/es\/wp-json\/wp\/v2\/pages\/33\/revisions"}],"wp:attachment":[{"href":"https:\/\/www.beatheim.com\/es\/wp-json\/wp\/v2\/media?parent=33"}],"curies":[{"name":"wp","href":"https:\/\/api.w.org\/{rel}","templated":true}]}}