{"id":2980,"date":"2020-05-25T11:04:37","date_gmt":"2020-05-25T11:04:37","guid":{"rendered":"http:\/\/beatheim.com\/desarrollo\/?page_id=2980"},"modified":"2025-03-20T12:29:50","modified_gmt":"2025-03-20T11:29:50","slug":"mezcla-con-vinilo-100-practico","status":"publish","type":"page","link":"https:\/\/www.beatheim.com\/es\/modulos\/profesional\/mezcla-con-vinilo-100-practico\/","title":{"rendered":"Mezcla con vinilo (100% Practico)"},"content":{"rendered":"<p><section id=\"bt_bb_section69e9434e55169\" class=\"bt_bb_section bt_bb_color_scheme_1 bt_bb_layout_boxed_900 bt_bb_vertical_align_top bt_bb_background_overlay_dark_gradient bt_bb_top_spacing_large bt_bb_bottom_spacing_large\" style=\"; --section-primary-color:#ffffff; --section-secondary-color:#191919;\" data-bt-override-class=\"null\"><div class=\"bt_bb_background_image_holder_wrapper\"><div class=\"bt_bb_background_image_holder bt_bb_parallax\"  data-parallax=\"0.7\" data-parallax-offset=\"0\" data-parallax-zoom-start=\"1\" data-parallax-zoom-end=\"1\" data-parallax-blur-start=\"0\" data-parallax-blur-end=\"0\" data-parallax-opacity-start=\"1\" data-parallax-opacity-end=\"1\" style=\" background-image:url(&#039;https:\/\/www.beatheim.com\/wp-content\/uploads\/modulo-12-2.jpg&#039;);\"><\/div><\/div><div class=\"bt_bb_port\"><div class=\"bt_bb_cell\"><div class=\"bt_bb_cell_inner\"><div class=\"bt_bb_row \"  data-bt-override-class=\"{}\"><div class=\"bt_bb_row_holder\" ><div  class=\"bt_bb_column col-xxl-12 col-xl-12 bt_bb_vertical_align_top bt_bb_align_center bt_bb_padding_normal bt_bb_animation_fade_in move_up animate\" style=\"; --column-width:12;\" data-width=\"12\" data-bt-override-class=\"{}\"><div class=\"bt_bb_column_content\"><div class=\"bt_bb_column_content_inner\"><div class=\"bt_bb_separator bt_bb_border_style_none bt_bb_top_spacing_large bt_bb_bottom_spacing_large\" data-bt-override-class=\"null\"><\/div><header class=\"bt_bb_headline bt_bb_font_weight_lighter bt_bb_dash_none bt_bb_subheadline bt_bb_size_large bt_bb_align_inherit\" data-bt-override-class=\"{}\"><h1 class=\"bt_bb_headline_tag\"><span class=\"bt_bb_headline_content\"><span>MEZCLA CON VINILO (100% PRACTICO)<\/span><\/span><\/h1><div class=\"bt_bb_headline_subheadline\">M\u00f3dulo 12<\/div><\/header><div id=\"contenidosticky\" class=\"bt_bb_separator bt_bb_border_style_none bt_bb_top_spacing_medium\" data-bt-override-class=\"null\"><\/div><\/div><\/div><\/div><\/div><\/div><\/div><!-- cell_inner --><\/div><!-- cell --><\/div><!-- port --><\/section><section id=\"bt_bb_section69e9434e55748\" class=\"bt_bb_section bt_bb_color_scheme_1 bt_bb_layout_boxed_1200 bt_bb_vertical_align_top bt_bb_top_spacing_medium bt_bb_bottom_spacing_medium\" style=\"; --section-primary-color:#ffffff; --section-secondary-color:#191919;\" data-bt-override-class=\"null\"><div class=\"bt_bb_port\"><div class=\"bt_bb_cell\"><div class=\"bt_bb_cell_inner\"><div class=\"bt_bb_row \"  data-bt-override-class=\"{}\"><div class=\"bt_bb_row_holder\" ><div  class=\"bt_bb_column col-xxl-8 col-xl-8 bt_bb_vertical_align_top bt_bb_align_left bt_bb_padding_normal bt_bb_animation_fade_in animate\" style=\"; --column-width:8;\" data-width=\"8\" data-bt-override-class=\"{}\"><div class=\"bt_bb_column_content\"><div class=\"bt_bb_column_content_inner\"><header class=\"bt_bb_headline bt_bb_dash_none bt_bb_size_normal bt_bb_align_center\" data-bt-override-class=\"{}\"><h2 class=\"bt_bb_headline_tag\"><span class=\"bt_bb_headline_content\"><span>\u00bfQue har\u00e1s? <\/span><\/span><\/h2><\/header><div class=\"bt_bb_separator bt_bb_border_style_none bt_bb_top_spacing_medium\" data-bt-override-class=\"null\"><\/div><div  class=\"bt_bb_text\" ><\/p>\n<div style=\"text-align: justify\">\n<p><span style=\"font-weight: 400\">\u00a1Ha llegado la hora de ponerse manos a la obra! Con este m\u00f3dulo 100% pr\u00e1ctico disfrutar\u00e1s de 1,5\u202fh a los platos, pinchando con vinilo de principio a fin y con el asesoramiento en todo momento de tu profesor.\u00a0<\/span><\/p>\n<p><span style=\"font-weight: 400\">De esta manera no te frustrar\u00e1s si las mezclas no salen como esperabas. Recibir\u00e1s las correcciones necesarias, para as\u00ed avanzar y aprender mucho m\u00e1s r\u00e1pido de los posibles errores.\u00a0\u00a0<\/span><\/p>\n<p><span style=\"font-weight: 400\">Por supuesto, te proporcionaremos un equipo de la m\u00e1s alta calidad, adem\u00e1s grabaremos tu DJ-Set para que posteriormente puedas analizar tus resultados y as\u00ed mejorar de forma progresiva.<\/span><\/p>\n<p><strong>Especializados en clases personalizadas 1&amp;1<\/strong>, aunque tambi\u00e9n ofrecemos la opci\u00f3n de aprender en pareja o peque\u00f1os grupos de c\u00f3mo m\u00e1ximo 4 personas.<\/p>\n<\/div>\n<p>\n<\/div><div class=\"bt_bb_separator bt_bb_border_style_none bt_bb_bottom_spacing_normal\" data-bt-override-class=\"null\"><\/div><header class=\"bt_bb_headline bt_bb_dash_bottom bt_bb_size_small bt_bb_align_center\" data-bt-override-class=\"{}\"><h3 class=\"bt_bb_headline_tag\"><span class=\"bt_bb_headline_content\"><span>Equipo<\/span><\/span><\/h3><\/header><div class=\"bt_bb_separator bt_bb_border_style_none bt_bb_top_spacing_small\" data-bt-override-class=\"null\"><\/div><div class=\" bt_bb_row_inner\"   data-bt-override-class=\"{}\"><div class=\"bt_bb_row_inner_holder\"  ><div  class=\"bt_bb_column_inner col-xxl-12 col-xl-12 bt_bb_vertical_align_top bt_bb_align_left bt_bb_padding_normal\"  data-width=\"12\" data-bt-override-class=\"{}\"><div class=\"bt_bb_column_inner_content\"><div class=\"bt_bb_column_inner_content_inner\"><div  class=\"bt_bb_text\" ><\/p>\n<ul>\n<li style=\"font-weight: 400\"><span style=\"font-weight: 400\">2x Plato de vinilo (Technics SL-1200 MK5)<\/span><\/li>\n<li style=\"font-weight: 400\"><span style=\"font-weight: 400\">1x Mesa de Mezclas (Pioneer DJM 750MK2)<\/span><\/li>\n<li style=\"font-weight: 400\"><span style=\"font-weight: 400\">2x Altavoces (Focal Alpha 50)<\/span><\/li>\n<li style=\"font-weight: 400\"><span style=\"font-weight: 400\">1x Grabadora de Audio (Zoom HN4)<\/span><\/li>\n<\/ul>\n<p>\n<\/div><\/div><\/div><\/div><\/div><\/div><\/div><\/div><\/div><div  class=\"bt_bb_column col-xxl-4 col-xl-4 bt_bb_vertical_align_top bt_bb_align_left bt_bb_padding_double bt_bb_animation_fade_in move_right animate\" style=\"; --column-width:4;\" data-width=\"4\" data-bt-override-class=\"{}\"><div class=\"bt_bb_column_content\" style=\"background-color:rgba(20, 20, 20, 1);\"><div class=\"bt_bb_column_content_inner\"><div id=\"imagen-stick\" class=\"bt_bb_image bt_bb_shape_square bt_bb_target_self bt_bb_align_inherit bt_bb_hover_style_simple bt_bb_content_display_always bt_bb_content_align_middle\" style=\"margin: 0 -20px;\" data-bt-override-class=\"{}\"><span><img fetchpriority=\"high\" decoding=\"async\" width=\"2000\" height=\"1250\" src=\"https:\/\/www.beatheim.com\/wp-content\/uploads\/modulo-12-2.jpg\" class=\"attachment-full size-full\" alt=\"https:\/\/www.beatheim.com\/wp-content\/uploads\/modulo-12-2.jpg\" data-full_image_src=\"https:\/\/www.beatheim.com\/wp-content\/uploads\/modulo-12-2.jpg\" title=\"modulo-12\" loading=\"eager\" srcset=\"https:\/\/www.beatheim.com\/wp-content\/uploads\/modulo-12-2.jpg 2000w, https:\/\/www.beatheim.com\/wp-content\/uploads\/modulo-12-2-600x375.jpg 600w, https:\/\/www.beatheim.com\/wp-content\/uploads\/modulo-12-2-640x400.jpg 640w, https:\/\/www.beatheim.com\/wp-content\/uploads\/modulo-12-2-1280x800.jpg 1280w, https:\/\/www.beatheim.com\/wp-content\/uploads\/modulo-12-2-160x100.jpg 160w, https:\/\/www.beatheim.com\/wp-content\/uploads\/modulo-12-2-768x480.jpg 768w, https:\/\/www.beatheim.com\/wp-content\/uploads\/modulo-12-2-1536x960.jpg 1536w, https:\/\/www.beatheim.com\/wp-content\/uploads\/modulo-12-2-320x200.jpg 320w\" sizes=\"(max-width: 2000px) 100vw, 2000px\" \/><\/span><\/div><div class=\"bt_bb_separator bt_bb_border_style_none bt_bb_top_spacing_normal bt_bb_bottom_spacing_normal\" data-bt-override-class=\"null\"><\/div><header id=\"cotiza\" class=\"bt_bb_headline bt_bb_dash_none bt_bb_size_medium bt_bb_align_inherit\" style=\";color:#3f888f;border-color:#3f888f;\" data-bt-override-class=\"{}\"><h3 class=\"bt_bb_headline_tag\"><span class=\"bt_bb_headline_content\"><span>Clase Presencial<\/span><\/span><\/h3><\/header><div class=\"bt_bb_separator bt_bb_border_style_none bt_bb_top_spacing_normal\" data-bt-override-class=\"null\"><\/div><div class=\"bt_bb_icon bt_bb_color_scheme_6 bt_bb_style_borderless bt_bb_size_normal bt_bb_shape_circle bt_bb_target_self bt_bb_align_left\" style=\"margin-bottom:8px;; --primary-color:#ffffff; --secondary-color:#3f888f;\" data-bt-override-class=\"{}\"><span  data-ico-essential=\"&#xe9bb;\" class=\"bt_bb_icon_holder\"><span>Tipo: Presencial<\/span><\/span><\/div><div class=\"bt_bb_icon bt_bb_color_scheme_6 bt_bb_style_borderless bt_bb_size_normal bt_bb_shape_circle bt_bb_target_self bt_bb_align_left\" style=\"margin-bottom:8px;; --primary-color:#ffffff; --secondary-color:#3f888f;\" data-bt-override-class=\"{}\"><span  data-ico-music01=\"&#xf137;\" class=\"bt_bb_icon_holder\"><span>Nivel: Profesional<\/span><\/span><\/div><div class=\"bt_bb_icon bt_bb_color_scheme_6 bt_bb_style_borderless bt_bb_size_normal bt_bb_shape_circle bt_bb_target_self bt_bb_align_left\" style=\"margin-bottom:8px;; --primary-color:#ffffff; --secondary-color:#3f888f;\" data-bt-override-class=\"{}\"><span  data-ico-development=\"&#xf149;\" class=\"bt_bb_icon_holder\"><span>Idioma: ES, EN, DE<\/span><\/span><\/div><div class=\"bt_bb_icon bt_bb_color_scheme_6 bt_bb_style_borderless bt_bb_size_normal bt_bb_shape_circle bt_bb_target_self bt_bb_align_left\" style=\"margin-bottom:8px;; --primary-color:#ffffff; --secondary-color:#3f888f;\" data-bt-override-class=\"{&quot;bt_bb_size_&quot;:{&quot;current_class&quot;:&quot;bt_bb_size_normal&quot;,&quot;def&quot;:&quot;normal&quot;,&quot;xl&quot;:&quot;normal&quot;},&quot;bt_bb_align_&quot;:{&quot;current_class&quot;:&quot;bt_bb_align_left&quot;,&quot;def&quot;:&quot;left&quot;,&quot;xl&quot;:&quot;left&quot;}}\"><span  data-ico-business=\"&#xf1a5;\" class=\"bt_bb_icon_holder\"><span>Duraci\u00f3n: 1,5 horas<\/span><\/span><\/div><div class=\"bt_bb_icon bt_bb_style_borderless bt_bb_size_normal bt_bb_shape_circle bt_bb_target_self bt_bb_align_left\" style=\"margin-bottom:8px;\" data-bt-override-class=\"{&quot;bt_bb_size_&quot;:{&quot;current_class&quot;:&quot;bt_bb_size_normal&quot;,&quot;def&quot;:&quot;normal&quot;,&quot;xl&quot;:&quot;normal&quot;},&quot;bt_bb_align_&quot;:{&quot;current_class&quot;:&quot;bt_bb_align_left&quot;,&quot;def&quot;:&quot;left&quot;,&quot;xl&quot;:&quot;left&quot;}}\"><span  data-ico-essential=\"&#xea64;\" class=\"bt_bb_icon_holder\"><span>Capacidad: 1 - 4 personas<\/span><\/span><\/div><div class=\"bt_bb_icon bt_bb_style_borderless bt_bb_size_normal bt_bb_shape_circle bt_bb_target_self bt_bb_align_left\" style=\"margin-bottom:8px;\" data-bt-override-class=\"{&quot;bt_bb_size_&quot;:{&quot;current_class&quot;:&quot;bt_bb_size_normal&quot;,&quot;def&quot;:&quot;normal&quot;,&quot;xl&quot;:&quot;normal&quot;},&quot;bt_bb_align_&quot;:{&quot;current_class&quot;:&quot;bt_bb_align_left&quot;,&quot;def&quot;:&quot;left&quot;,&quot;xl&quot;:&quot;left&quot;}}\"><span  data-ico-essential=\"&#xea64;\" class=\"bt_bb_icon_holder\"><span>Clases: 1&amp;1<\/span><\/span><\/div><div class=\"bt_bb_icon bt_bb_color_scheme_6 bt_bb_style_borderless bt_bb_size_normal bt_bb_shape_circle bt_bb_target_self bt_bb_align_left\" style=\"margin-bottom:8px;; --primary-color:#ffffff; --secondary-color:#3f888f;\" data-bt-override-class=\"{&quot;bt_bb_size_&quot;:{&quot;current_class&quot;:&quot;bt_bb_size_normal&quot;,&quot;def&quot;:&quot;normal&quot;,&quot;xl&quot;:&quot;normal&quot;},&quot;bt_bb_align_&quot;:{&quot;current_class&quot;:&quot;bt_bb_align_left&quot;,&quot;def&quot;:&quot;left&quot;,&quot;xl&quot;:&quot;left&quot;}}\"><span  data-ico-business=\"&#xf18a;\" class=\"bt_bb_icon_holder\"><span>Precio: 99 \u20ac (por persona)<\/span><\/span><\/div><div class=\"bt_bb_separator bt_bb_border_style_none\" data-bt-override-class=\"null\"><\/div><div  class=\"bt_bb_text\" ><\/p>\n<p><span style=\"font-weight: 400\">Incluido en <a href=\"https:\/\/www.beatheim.com\/es\/packs\/pack-master\/\">Pack Master<\/a>\u00a0y <a href=\"https:\/\/www.beatheim.com\/es\/packs\/pack-completo\/\">Pack Completo<\/a><\/span><\/p>\n<p>\n<\/div><div class=\"bt_bb_separator bt_bb_border_style_none bt_bb_bottom_spacing_normal\" data-bt-override-class=\"null\"><\/div><div class=\"bt_bb_button bt_bb_color_scheme_11 bt_bb_icon_position_right bt_bb_style_filled bt_bb_size_small bt_bb_width_full bt_bb_shape_inherit bt_bb_target_self bt_bb_align_inherit\" style=\"; --primary-color:#ffffff; --secondary-color:#3f888f;\" data-bt-override-class=\"{&quot;bt_bb_size_&quot;:{&quot;current_class&quot;:&quot;bt_bb_size_small&quot;,&quot;def&quot;:&quot;small&quot;,&quot;xl&quot;:&quot;small&quot;},&quot;bt_bb_align_&quot;:{&quot;current_class&quot;:&quot;bt_bb_align_inherit&quot;,&quot;def&quot;:&quot;inherit&quot;,&quot;xl&quot;:&quot;inherit&quot;}}\"><a href=\"https:\/\/www.beatheim.com\/es\/producto\/reserva-mezcla-con-vinilo-100-practico\/\" target=\"_self\" class=\"bt_bb_link\" title=\"Reserva Clase Presencial\"><span class=\"bt_bb_button_text\" >Reserva Clase Presencial<\/span><\/a><\/div><div class=\"bt_bb_button bt_bb_color_scheme_11 bt_bb_icon_position_right bt_bb_style_filled bt_bb_size_small bt_bb_width_full bt_bb_shape_inherit bt_bb_target_self bt_bb_align_inherit\" style=\"; --primary-color:#ffffff; --secondary-color:#3f888f;\" data-bt-override-class=\"{&quot;bt_bb_size_&quot;:{&quot;current_class&quot;:&quot;bt_bb_size_small&quot;,&quot;def&quot;:&quot;small&quot;,&quot;xl&quot;:&quot;small&quot;},&quot;bt_bb_align_&quot;:{&quot;current_class&quot;:&quot;bt_bb_align_inherit&quot;,&quot;def&quot;:&quot;inherit&quot;,&quot;xl&quot;:&quot;inherit&quot;}}\"><a href=\"https:\/\/www.beatheim.com\/es\/producto\/voucher-modulo-practico\/\" target=\"_self\" class=\"bt_bb_link\" title=\"Compra vale de regalo\"><span class=\"bt_bb_button_text\" >Compra vale de regalo<\/span><\/a><\/div><div class=\"bt_bb_separator bt_bb_border_style_none bt_bb_top_spacing_normal bt_bb_bottom_spacing_normal\" style=\"margin-right:-20px; margin-left:-20px; padding-top: 2em;; border-width: 1px; border-color: transparent; border-style: solid;\" data-bt-override-class=\"null\"><\/div><\/div><\/div><\/div><\/div><\/div><\/div><!-- cell_inner --><\/div><!-- cell --><\/div><!-- port --><\/section><section id=\"restablecersticky\" class=\"bt_bb_section bt_bb_layout_boxed_1200 bt_bb_vertical_align_top bt_bb_hidden_sm bt_bb_hidden_md bt_bb_hidden_lg\"  data-bt-override-class=\"null\"><div class=\"bt_bb_port\"><div class=\"bt_bb_cell\"><div class=\"bt_bb_cell_inner\"><div class=\"bt_bb_row \"  data-bt-override-class=\"{}\"><div class=\"bt_bb_row_holder\" ><div  class=\"bt_bb_column col-xxl-12 col-xl-12 bt_bb_vertical_align_top bt_bb_align_left bt_bb_padding_normal\" style=\"; --column-width:12;\" data-width=\"12\" data-bt-override-class=\"{}\"><div class=\"bt_bb_column_content\"><div class=\"bt_bb_column_content_inner\"><div class=\"bt_bb_separator bt_bb_border_style_none bt_bb_top_spacing_medium\" data-bt-override-class=\"null\"><\/div><\/div><\/div><\/div><\/div><\/div><\/div><!-- cell_inner --><\/div><!-- cell --><\/div><!-- port --><\/section><section id=\"barra-ver-fechas\" class=\"bt_bb_section bt_bb_layout_boxed_1200 bt_bb_vertical_align_top bt_bb_hidden_sm bt_bb_hidden_md bt_bb_hidden_lg\" style=\";background-color:#191919;\" data-bt-override-class=\"null\"><div class=\"bt_bb_port\"><div class=\"bt_bb_cell\"><div class=\"bt_bb_cell_inner\"><div class=\"bt_bb_row \"  data-bt-override-class=\"{}\"><div class=\"bt_bb_row_holder\" ><div  class=\"bt_bb_column col-xxl-6 col-xl-6 bt_bb_vertical_align_top bt_bb_align_left bt_bb_padding_normal\" style=\"; --column-width:6;\" data-width=\"6\" data-bt-override-class=\"{}\"><div class=\"bt_bb_column_content\"><div class=\"bt_bb_column_content_inner\"><div class=\"bt_bb_image bt_bb_shape_square bt_bb_target_self bt_bb_align_left bt_bb_hover_style_simple bt_bb_content_display_always bt_bb_content_align_middle bt_bb_hidden_xs bt_bb_hidden_ms bt_bb_hidden_sm\" style=\"padding-right: 20px;\" data-bt-override-class=\"{}\"><span><img loading=\"lazy\" decoding=\"async\" width=\"51\" height=\"51\" src=\"https:\/\/www.beatheim.com\/wp-content\/uploads\/icono-mapa-BDA.png\" class=\"attachment-full size-full\" alt=\"Berlin DJ Academy\" data-full_image_src=\"https:\/\/www.beatheim.com\/wp-content\/uploads\/icono-mapa-BDA.png\" title=\"Berlin DJ Academy\" \/><\/span><\/div><div  class=\"bt_bb_text\" style=\"padding-left; 20px;\"><\/p>\n<p>M\u00f3dulo 12<br \/>\n<strong>Mezcla con vinilo (100% Practico)<\/strong><\/p>\n<p>\n<\/div><\/div><\/div><\/div><div  class=\"bt_bb_column col-xxl-6 col-xl-6 bt_bb_vertical_align_middle bt_bb_align_center bt_bb_padding_normal\" style=\"; --column-width:6;\" data-width=\"6\" data-bt-override-class=\"{}\"><div class=\"bt_bb_column_content\"><div class=\"bt_bb_column_content_inner\"><div class=\"bt_bb_button bt_bb_color_scheme_8 bt_bb_icon_position_right bt_bb_style_outline bt_bb_size_small bt_bb_width_inline bt_bb_shape_inherit bt_bb_target_self bt_bb_align_inherit\" style=\"; --primary-color:#3f888f; --secondary-color:#ffffff;\" data-bt-override-class=\"{&quot;bt_bb_size_&quot;:{&quot;current_class&quot;:&quot;bt_bb_size_small&quot;,&quot;def&quot;:&quot;small&quot;,&quot;xl&quot;:&quot;small&quot;},&quot;bt_bb_align_&quot;:{&quot;current_class&quot;:&quot;bt_bb_align_inherit&quot;,&quot;def&quot;:&quot;inherit&quot;,&quot;xl&quot;:&quot;inherit&quot;}}\"><a href=\"https:\/\/www.beatheim.com\/es\/producto\/reserva-mezcla-con-vinilo-100-practico\/\" target=\"_self\" class=\"bt_bb_link\" title=\"Reserva Clase Presencial \"><span class=\"bt_bb_button_text\" >Reserva Clase Presencial <\/span><\/a><\/div><div class=\"bt_bb_button bt_bb_color_scheme_8 bt_bb_icon_position_right bt_bb_style_outline bt_bb_size_small bt_bb_width_inline bt_bb_shape_inherit bt_bb_target_self bt_bb_align_inherit\" style=\"; --primary-color:#3f888f; --secondary-color:#ffffff;\" data-bt-override-class=\"{&quot;bt_bb_size_&quot;:{&quot;current_class&quot;:&quot;bt_bb_size_small&quot;,&quot;def&quot;:&quot;small&quot;,&quot;xl&quot;:&quot;small&quot;},&quot;bt_bb_align_&quot;:{&quot;current_class&quot;:&quot;bt_bb_align_inherit&quot;,&quot;def&quot;:&quot;inherit&quot;,&quot;xl&quot;:&quot;inherit&quot;}}\"><a href=\"https:\/\/www.beatheim.com\/es\/producto\/voucher-modulo-practico\/\" target=\"_self\" class=\"bt_bb_link\" title=\"Compra vale de regalo\"><span class=\"bt_bb_button_text\" >Compra vale de regalo<\/span><\/a><\/div><\/div><\/div><\/div><\/div><\/div><div class=\"bt_bb_row \"  data-bt-override-class=\"{}\"><div class=\"bt_bb_row_holder\" ><div  class=\"bt_bb_column col-xxl-12 col-xl-12 bt_bb_vertical_align_top bt_bb_align_left bt_bb_padding_normal\" style=\"; --column-width:12;\" data-width=\"12\" data-bt-override-class=\"{}\"><div class=\"bt_bb_column_content\"><div class=\"bt_bb_column_content_inner\"><div class=\"bt_bb_separator bt_bb_border_style_none bt_bb_bottom_spacing_small\" data-bt-override-class=\"null\"><\/div><\/div><\/div><\/div><\/div><\/div><\/div><!-- cell_inner --><\/div><!-- cell --><\/div><!-- port --><\/section><\/p>\n","protected":false},"excerpt":{"rendered":"","protected":false},"author":1,"featured_media":0,"parent":31,"menu_order":5,"comment_status":"closed","ping_status":"closed","template":"","meta":{"footnotes":""},"class_list":["post-2980","page","type-page","status-publish","hentry"],"yoast_head":"<!-- This site is optimized with the Yoast SEO plugin v27.4 - https:\/\/yoast.com\/product\/yoast-seo-wordpress\/ -->\n<title>Mezcla con vinilo (100% Practico) &#187; BEATHEIM<\/title>\n<meta name=\"robots\" content=\"index, follow, max-snippet:-1, max-image-preview:large, max-video-preview:-1\" \/>\n<link rel=\"canonical\" href=\"https:\/\/www.beatheim.com\/es\/modulos\/profesional\/mezcla-con-vinilo-100-practico\/\" \/>\n<meta property=\"og:locale\" content=\"es_ES\" \/>\n<meta property=\"og:type\" content=\"article\" \/>\n<meta property=\"og:title\" content=\"Mezcla con vinilo (100% Practico) &#187; BEATHEIM\" \/>\n<meta property=\"og:url\" content=\"https:\/\/www.beatheim.com\/es\/modulos\/profesional\/mezcla-con-vinilo-100-practico\/\" \/>\n<meta property=\"og:site_name\" content=\"BEATHEIM\" \/>\n<meta property=\"article:publisher\" content=\"https:\/\/www.facebook.com\/Beatheimdjacademy\" \/>\n<meta property=\"article:modified_time\" content=\"2025-03-20T11:29:50+00:00\" \/>\n<meta name=\"twitter:card\" content=\"summary_large_image\" \/>\n<meta name=\"twitter:label1\" content=\"Tiempo de lectura\" \/>\n\t<meta name=\"twitter:data1\" content=\"4 minutos\" \/>\n<script type=\"application\/ld+json\" class=\"yoast-schema-graph\">{\"@context\":\"https:\\\/\\\/schema.org\",\"@graph\":[{\"@type\":\"WebPage\",\"@id\":\"https:\\\/\\\/www.beatheim.com\\\/es\\\/modulos\\\/profesional\\\/mezcla-con-vinilo-100-practico\\\/\",\"url\":\"https:\\\/\\\/www.beatheim.com\\\/es\\\/modulos\\\/profesional\\\/mezcla-con-vinilo-100-practico\\\/\",\"name\":\"Mezcla con vinilo (100% Practico) &#187; BEATHEIM\",\"isPartOf\":{\"@id\":\"https:\\\/\\\/www.beatheim.com\\\/es\\\/#website\"},\"datePublished\":\"2020-05-25T11:04:37+00:00\",\"dateModified\":\"2025-03-20T11:29:50+00:00\",\"breadcrumb\":{\"@id\":\"https:\\\/\\\/www.beatheim.com\\\/es\\\/modulos\\\/profesional\\\/mezcla-con-vinilo-100-practico\\\/#breadcrumb\"},\"inLanguage\":\"es\",\"potentialAction\":[{\"@type\":\"ReadAction\",\"target\":[\"https:\\\/\\\/www.beatheim.com\\\/es\\\/modulos\\\/profesional\\\/mezcla-con-vinilo-100-practico\\\/\"]}]},{\"@type\":\"BreadcrumbList\",\"@id\":\"https:\\\/\\\/www.beatheim.com\\\/es\\\/modulos\\\/profesional\\\/mezcla-con-vinilo-100-practico\\\/#breadcrumb\",\"itemListElement\":[{\"@type\":\"ListItem\",\"position\":1,\"name\":\"M\u00f3dulos\",\"item\":\"https:\\\/\\\/www.beatheim.com\\\/es\\\/modulos\\\/\"},{\"@type\":\"ListItem\",\"position\":2,\"name\":\"Profesional\",\"item\":\"https:\\\/\\\/www.beatheim.com\\\/es\\\/modulos\\\/profesional\\\/\"},{\"@type\":\"ListItem\",\"position\":3,\"name\":\"Mezcla con vinilo (100% Practico)\"}]},{\"@type\":\"WebSite\",\"@id\":\"https:\\\/\\\/www.beatheim.com\\\/es\\\/#website\",\"url\":\"https:\\\/\\\/www.beatheim.com\\\/es\\\/\",\"name\":\"BEATHEIM\",\"description\":\"Beatheim DJ Academy in Berlin\",\"potentialAction\":[{\"@type\":\"SearchAction\",\"target\":{\"@type\":\"EntryPoint\",\"urlTemplate\":\"https:\\\/\\\/www.beatheim.com\\\/es\\\/?s={search_term_string}\"},\"query-input\":{\"@type\":\"PropertyValueSpecification\",\"valueRequired\":true,\"valueName\":\"search_term_string\"}}],\"inLanguage\":\"es\"}]}<\/script>\n<!-- \/ Yoast SEO plugin. -->","yoast_head_json":{"title":"Mezcla con vinilo (100% Practico) &#187; BEATHEIM","robots":{"index":"index","follow":"follow","max-snippet":"max-snippet:-1","max-image-preview":"max-image-preview:large","max-video-preview":"max-video-preview:-1"},"canonical":"https:\/\/www.beatheim.com\/es\/modulos\/profesional\/mezcla-con-vinilo-100-practico\/","og_locale":"es_ES","og_type":"article","og_title":"Mezcla con vinilo (100% Practico) &#187; BEATHEIM","og_url":"https:\/\/www.beatheim.com\/es\/modulos\/profesional\/mezcla-con-vinilo-100-practico\/","og_site_name":"BEATHEIM","article_publisher":"https:\/\/www.facebook.com\/Beatheimdjacademy","article_modified_time":"2025-03-20T11:29:50+00:00","twitter_card":"summary_large_image","twitter_misc":{"Tiempo de lectura":"4 minutos"},"schema":{"@context":"https:\/\/schema.org","@graph":[{"@type":"WebPage","@id":"https:\/\/www.beatheim.com\/es\/modulos\/profesional\/mezcla-con-vinilo-100-practico\/","url":"https:\/\/www.beatheim.com\/es\/modulos\/profesional\/mezcla-con-vinilo-100-practico\/","name":"Mezcla con vinilo (100% Practico) &#187; BEATHEIM","isPartOf":{"@id":"https:\/\/www.beatheim.com\/es\/#website"},"datePublished":"2020-05-25T11:04:37+00:00","dateModified":"2025-03-20T11:29:50+00:00","breadcrumb":{"@id":"https:\/\/www.beatheim.com\/es\/modulos\/profesional\/mezcla-con-vinilo-100-practico\/#breadcrumb"},"inLanguage":"es","potentialAction":[{"@type":"ReadAction","target":["https:\/\/www.beatheim.com\/es\/modulos\/profesional\/mezcla-con-vinilo-100-practico\/"]}]},{"@type":"BreadcrumbList","@id":"https:\/\/www.beatheim.com\/es\/modulos\/profesional\/mezcla-con-vinilo-100-practico\/#breadcrumb","itemListElement":[{"@type":"ListItem","position":1,"name":"M\u00f3dulos","item":"https:\/\/www.beatheim.com\/es\/modulos\/"},{"@type":"ListItem","position":2,"name":"Profesional","item":"https:\/\/www.beatheim.com\/es\/modulos\/profesional\/"},{"@type":"ListItem","position":3,"name":"Mezcla con vinilo (100% Practico)"}]},{"@type":"WebSite","@id":"https:\/\/www.beatheim.com\/es\/#website","url":"https:\/\/www.beatheim.com\/es\/","name":"BEATHEIM","description":"Beatheim DJ Academy in Berlin","potentialAction":[{"@type":"SearchAction","target":{"@type":"EntryPoint","urlTemplate":"https:\/\/www.beatheim.com\/es\/?s={search_term_string}"},"query-input":{"@type":"PropertyValueSpecification","valueRequired":true,"valueName":"search_term_string"}}],"inLanguage":"es"}]}},"_links":{"self":[{"href":"https:\/\/www.beatheim.com\/es\/wp-json\/wp\/v2\/pages\/2980","targetHints":{"allow":["GET"]}}],"collection":[{"href":"https:\/\/www.beatheim.com\/es\/wp-json\/wp\/v2\/pages"}],"about":[{"href":"https:\/\/www.beatheim.com\/es\/wp-json\/wp\/v2\/types\/page"}],"author":[{"embeddable":true,"href":"https:\/\/www.beatheim.com\/es\/wp-json\/wp\/v2\/users\/1"}],"replies":[{"embeddable":true,"href":"https:\/\/www.beatheim.com\/es\/wp-json\/wp\/v2\/comments?post=2980"}],"version-history":[{"count":1,"href":"https:\/\/www.beatheim.com\/es\/wp-json\/wp\/v2\/pages\/2980\/revisions"}],"predecessor-version":[{"id":13546,"href":"https:\/\/www.beatheim.com\/es\/wp-json\/wp\/v2\/pages\/2980\/revisions\/13546"}],"up":[{"embeddable":true,"href":"https:\/\/www.beatheim.com\/es\/wp-json\/wp\/v2\/pages\/31"}],"wp:attachment":[{"href":"https:\/\/www.beatheim.com\/es\/wp-json\/wp\/v2\/media?parent=2980"}],"curies":[{"name":"wp","href":"https:\/\/api.w.org\/{rel}","templated":true}]}}