{"id":19,"date":"2020-04-23T15:02:20","date_gmt":"2020-04-23T15:02:20","guid":{"rendered":"http:\/\/localhost\/beatheim.com\/?page_id=19"},"modified":"2021-04-15T12:04:06","modified_gmt":"2021-04-15T10:04:06","slug":"testimonios-de-estudiantes","status":"publish","type":"page","link":"https:\/\/www.beatheim.com\/es\/sobre-nosotros\/testimonios-de-estudiantes\/","title":{"rendered":"Testimonios de Estudiantes"},"content":{"rendered":"<p><section id=\"bt_bb_section69e918485245f\" class=\"bt_bb_section bt_bb_color_scheme_1 bt_bb_layout_boxed_1300 bt_bb_vertical_align_top bt_bb_background_overlay_dark_gradient bt_bb_top_spacing_large bt_bb_bottom_spacing_large\" style=\"; --section-primary-color:#ffffff; --section-secondary-color:#191919;\" data-bt-override-class=\"null\"><div class=\"bt_bb_background_image_holder_wrapper\"><div class=\"bt_bb_background_image_holder bt_bb_parallax\"  data-parallax=\"0.7\" data-parallax-offset=\"0\" data-parallax-zoom-start=\"1\" data-parallax-zoom-end=\"1\" data-parallax-blur-start=\"0\" data-parallax-blur-end=\"0\" data-parallax-opacity-start=\"1\" data-parallax-opacity-end=\"1\" style=\" background-image:url(&#039;https:\/\/www.beatheim.com\/wp-content\/uploads\/97A0839-scaled.jpg&#039;);\"><\/div><\/div><div class=\"bt_bb_port\"><div class=\"bt_bb_cell\"><div class=\"bt_bb_cell_inner\"><div class=\"bt_bb_row \"  data-bt-override-class=\"{}\"><div class=\"bt_bb_row_holder\" ><div  class=\"bt_bb_column col-xxl-12 col-xl-12 bt_bb_vertical_align_top bt_bb_align_center bt_bb_padding_normal bt_bb_animation_fade_in move_up animate\" style=\"; --column-width:12;\" data-width=\"12\" data-bt-override-class=\"{}\"><div class=\"bt_bb_column_content\"><div class=\"bt_bb_column_content_inner\"><div class=\"bt_bb_separator bt_bb_border_style_none bt_bb_top_spacing_large bt_bb_bottom_spacing_large\" data-bt-override-class=\"null\"><\/div><header class=\"bt_bb_headline bt_bb_font_weight_lighter bt_bb_dash_none bt_bb_size_large bt_bb_align_inherit\" data-bt-override-class=\"{}\"><h1 class=\"bt_bb_headline_tag\"><span class=\"bt_bb_headline_content\"><span>TESTIMONIOS DE ESTUDIANTES<\/span><\/span><\/h1><\/header><div class=\"bt_bb_separator bt_bb_border_style_none bt_bb_top_spacing_medium\" data-bt-override-class=\"null\"><\/div><\/div><\/div><\/div><\/div><\/div><\/div><!-- cell_inner --><\/div><!-- cell --><\/div><!-- port --><\/section><section id=\"bt_bb_section69e9184852a35\" class=\"bt_bb_section bt_bb_layout_wide bt_bb_vertical_align_top bt_bb_top_spacing_large bt_bb_bottom_spacing_normal\"  data-bt-override-class=\"null\"><div class=\"bt_bb_port\"><div class=\"bt_bb_cell\"><div class=\"bt_bb_cell_inner\"><div class=\"bt_bb_row \"  data-bt-override-class=\"{}\"><div class=\"bt_bb_row_holder\" ><div  class=\"bt_bb_column col-xxl-12 col-xl-12 bt_bb_vertical_align_top bt_bb_align_center bt_bb_padding_normal bt_bb_animation_fade_in animate\" style=\"; --column-width:12;\" data-width=\"12\" data-bt-override-class=\"{}\"><div class=\"bt_bb_column_content\"><div class=\"bt_bb_column_content_inner\"><div class=\"bt_bb_content_slider bt_bb_gap_no_gap bt_bb_arrows_size_normal bt_bb_show_dots_bottom bt_bb_height_keep-height bt_bb_animation_slide bt_bb_animation_slide animate\" data-bt-override-class=\"{}\"><div class=\"slick-slider\"  data-slick='{ \"lazyLoad\": \"progressive\", \"cssEase\": \"ease-out\", \"speed\": \"600\", \"accessibility\": false, \"prevArrow\": \"&lt;button type=\\\"button\\\" class=\\\"slick-prev\\\" aria-label=\\\"Previous\\\" tabindex=\\\"0\\\" role=\\\"button\\\"&gt;&lt;\/button&gt;\", \"nextArrow\": \"&lt;button type=\\\"button\\\" class=\\\"slick-next\\\" aria-label=\\\"Next\\\" tabindex=\\\"0\\\" role=\\\"button\\\"&gt;&lt;\/button&gt;\", \"dots\": true,\"autoplay\": true, \"autoplaySpeed\": 3000}' ><div class=\"bt_bb_content_slider_item\"><div class=\"bt_bb_content_slider_item_content content\"><div class=\"bt_bb_image bt_bb_shape_hard-rounded bt_bb_target_self bt_bb_align_inherit bt_bb_hover_style_simple bt_bb_content_display_always bt_bb_content_align_middle\" data-bt-override-class=\"{}\"><span><img decoding=\"async\" width=\"160\" height=\"160\" src=\"https:\/\/www.beatheim.com\/wp-content\/uploads\/alumno-boris-160x160.jpg\" class=\"attachment-thumbnail size-thumbnail\" alt=\"https:\/\/www.beatheim.com\/wp-content\/uploads\/alumno-boris-160x160.jpg\" data-full_image_src=\"https:\/\/www.beatheim.com\/wp-content\/uploads\/alumno-boris.jpg\" title=\"alumno-boris\" loading=\"eager\" srcset=\"https:\/\/www.beatheim.com\/wp-content\/uploads\/alumno-boris-160x160.jpg 160w, https:\/\/www.beatheim.com\/wp-content\/uploads\/alumno-boris-300x300.jpg 300w, https:\/\/www.beatheim.com\/wp-content\/uploads\/alumno-boris-100x100.jpg 100w, https:\/\/www.beatheim.com\/wp-content\/uploads\/alumno-boris-600x600.jpg 600w, https:\/\/www.beatheim.com\/wp-content\/uploads\/alumno-boris-640x640.jpg 640w, https:\/\/www.beatheim.com\/wp-content\/uploads\/alumno-boris-768x768.jpg 768w, https:\/\/www.beatheim.com\/wp-content\/uploads\/alumno-boris-320x320.jpg 320w, https:\/\/www.beatheim.com\/wp-content\/uploads\/alumno-boris.jpg 800w\" sizes=\"(max-width: 160px) 100vw, 160px\" \/><\/span><\/div><div class=\"bt_bb_separator bt_bb_border_style_none bt_bb_bottom_spacing_normal\" data-bt-override-class=\"null\"><\/div><div  class=\"bt_bb_text\" style=\"max-width: 800px; margin: auto; font-size: 16px;\"><\/p>\n<blockquote>\n<p>Recomiendo <b>Beatheim <\/b>\u00a0para todos aquellos que quieran dar sus primeros pasos en el mundo de la M\u00fasica. He realizado el curso completo, el cual ha sido toda una experiencia, con un contenido muy interesante y pr\u00e1ctico. Bruno es un m\u00e1ster en lo suyo y ha estado presente en todo momento ayud\u00e1ndome a desarrollar mis cualidades como DJ de manera muy r\u00e1pida y eficaz.<\/p>\n<\/blockquote>\n<p>\n<\/div><div class=\"bt_bb_separator bt_bb_border_style_none bt_bb_bottom_spacing_medium\" data-bt-override-class=\"null\"><\/div><header class=\"bt_bb_headline bt_bb_color_scheme_6 bt_bb_dash_none bt_bb_superheadline bt_bb_size_small bt_bb_align_inherit\" style=\"; --primary-color:#ffffff; --secondary-color:#3f888f;\" data-bt-override-class=\"{}\"><h3 class=\"bt_bb_headline_tag\"><span class=\"bt_bb_headline_superheadline\">Dise\u00f1ador de Calzado<\/span><span class=\"bt_bb_headline_content\"><span>Boris Sogorb<\/span><\/span><\/h3><\/header><div class=\"bt_bb_separator bt_bb_border_style_none bt_bb_bottom_spacing_medium\" data-bt-override-class=\"null\"><\/div><\/div><\/div><div class=\"bt_bb_content_slider_item\"><div class=\"bt_bb_content_slider_item_content content\"><div class=\"bt_bb_image bt_bb_shape_hard-rounded bt_bb_target_self bt_bb_align_inherit bt_bb_hover_style_simple bt_bb_content_display_always bt_bb_content_align_middle\" data-bt-override-class=\"{}\"><span><img decoding=\"async\" width=\"160\" height=\"160\" src=\"https:\/\/www.beatheim.com\/wp-content\/uploads\/alumno-gaston-160x160.jpg\" class=\"attachment-thumbnail size-thumbnail\" alt=\"alumno-gaston\" data-full_image_src=\"https:\/\/www.beatheim.com\/wp-content\/uploads\/alumno-gaston.jpg\" title=\"alumno-gaston\" loading=\"eager\" srcset=\"https:\/\/www.beatheim.com\/wp-content\/uploads\/alumno-gaston-160x160.jpg 160w, https:\/\/www.beatheim.com\/wp-content\/uploads\/alumno-gaston-300x300.jpg 300w, https:\/\/www.beatheim.com\/wp-content\/uploads\/alumno-gaston-100x100.jpg 100w, https:\/\/www.beatheim.com\/wp-content\/uploads\/alumno-gaston-600x600.jpg 600w, https:\/\/www.beatheim.com\/wp-content\/uploads\/alumno-gaston-640x640.jpg 640w, https:\/\/www.beatheim.com\/wp-content\/uploads\/alumno-gaston-768x768.jpg 768w, https:\/\/www.beatheim.com\/wp-content\/uploads\/alumno-gaston-320x320.jpg 320w, https:\/\/www.beatheim.com\/wp-content\/uploads\/alumno-gaston.jpg 800w\" sizes=\"(max-width: 160px) 100vw, 160px\" \/><\/span><\/div><div class=\"bt_bb_separator bt_bb_border_style_none bt_bb_bottom_spacing_normal\" data-bt-override-class=\"null\"><\/div><div  class=\"bt_bb_text\" style=\"max-width: 800px; margin: auto;\"><\/p>\n<blockquote>\n<p><span style=\"font-weight: 400;\">Yo ya ten\u00eda conocimientos b\u00e1sicos de DJ, pero gracias a las clases de<strong> <b>Beatheim <\/b>\u00a0<\/strong>\u00a0pude evolucionar mucho m\u00e1s. Bruno me acogi\u00f3 en su estudio de m\u00fasica de primera calidad y respondi\u00f3 todas mis inquietudes t\u00e9cnicas as\u00ed como los secretos de la escena techno m\u00e1s importante del mundo!<\/span><\/p>\n<\/blockquote>\n<p>\n<\/div><div class=\"bt_bb_separator bt_bb_border_style_none bt_bb_bottom_spacing_normal\" data-bt-override-class=\"null\"><\/div><header class=\"bt_bb_headline bt_bb_color_scheme_6 bt_bb_dash_none bt_bb_superheadline bt_bb_size_small bt_bb_align_inherit\" style=\"; --primary-color:#ffffff; --secondary-color:#3f888f;\" data-bt-override-class=\"{}\"><h3 class=\"bt_bb_headline_tag\"><span class=\"bt_bb_headline_superheadline\">T\u00e9cnico de sonido y grabaci\u00f3n<\/span><span class=\"bt_bb_headline_content\"><span>Gast\u00f3n Barrachina<\/p><br \/>\n<p><\/span><\/span><\/h3><\/header><div class=\"bt_bb_separator bt_bb_border_style_none bt_bb_bottom_spacing_medium\" data-bt-override-class=\"null\"><\/div><\/div><\/div><div class=\"bt_bb_content_slider_item\"><div class=\"bt_bb_content_slider_item_content content\"><div class=\"bt_bb_image bt_bb_shape_hard-rounded bt_bb_target_self bt_bb_align_inherit bt_bb_hover_style_simple bt_bb_content_display_always bt_bb_content_align_middle\" data-bt-override-class=\"{}\"><span><img decoding=\"async\" width=\"160\" height=\"160\" src=\"https:\/\/www.beatheim.com\/wp-content\/uploads\/clara-delgado-160x160.jpg\" class=\"attachment-thumbnail size-thumbnail\" alt=\"https:\/\/www.beatheim.com\/wp-content\/uploads\/clara-delgado-160x160.jpg\" data-full_image_src=\"https:\/\/www.beatheim.com\/wp-content\/uploads\/clara-delgado.jpg\" title=\"clara-delgado\" loading=\"eager\" srcset=\"https:\/\/www.beatheim.com\/wp-content\/uploads\/clara-delgado-160x160.jpg 160w, https:\/\/www.beatheim.com\/wp-content\/uploads\/clara-delgado-300x300.jpg 300w, https:\/\/www.beatheim.com\/wp-content\/uploads\/clara-delgado-100x100.jpg 100w, https:\/\/www.beatheim.com\/wp-content\/uploads\/clara-delgado-600x600.jpg 600w, https:\/\/www.beatheim.com\/wp-content\/uploads\/clara-delgado-640x640.jpg 640w, https:\/\/www.beatheim.com\/wp-content\/uploads\/clara-delgado-768x768.jpg 768w, https:\/\/www.beatheim.com\/wp-content\/uploads\/clara-delgado-320x320.jpg 320w, https:\/\/www.beatheim.com\/wp-content\/uploads\/clara-delgado.jpg 800w\" sizes=\"(max-width: 160px) 100vw, 160px\" \/><\/span><\/div><div class=\"bt_bb_separator bt_bb_border_style_none bt_bb_bottom_spacing_normal\" data-bt-override-class=\"null\"><\/div><div  class=\"bt_bb_text\" style=\"max-width: 800px; margin: auto;\"><\/p>\n<blockquote>\n<p><span style=\"font-weight: 400;\">Conoc\u00ed a Bruno hace 8 a\u00f1os en Berl\u00edn, y es un buen maestro para la ense\u00f1anza DJ. Con \u00e9l aprend\u00ed mis primeros pasos de mezcla, ecualizaci\u00f3n, y selecci\u00f3n musical. Las clases se hacen muy amenas y su estudio cuenta con todo el equipo para aprender. Despu\u00e9s de solo 4 meses salt\u00e9 del estudio al DJ booth.<\/span><\/p>\n<\/blockquote>\n<p>\n<\/div><div class=\"bt_bb_separator bt_bb_border_style_none bt_bb_bottom_spacing_normal\" data-bt-override-class=\"null\"><\/div><header class=\"bt_bb_headline bt_bb_color_scheme_6 bt_bb_dash_none bt_bb_superheadline bt_bb_size_small bt_bb_align_inherit\" style=\"; --primary-color:#ffffff; --secondary-color:#3f888f;\" data-bt-override-class=\"{}\"><h3 class=\"bt_bb_headline_tag\"><span class=\"bt_bb_headline_superheadline\">SEO Manager<\/span><span class=\"bt_bb_headline_content\"><span>Clara Delgado<\/p><br \/>\n<p><\/span><\/span><\/h3><\/header><div class=\"bt_bb_separator bt_bb_border_style_none bt_bb_bottom_spacing_medium\" data-bt-override-class=\"null\"><\/div><\/div><\/div><\/div><\/div><\/div><\/div><\/div><\/div><\/div><\/div><!-- cell_inner --><\/div><!-- cell --><\/div><!-- port --><\/section><\/p>\n","protected":false},"excerpt":{"rendered":"","protected":false},"author":1,"featured_media":0,"parent":12,"menu_order":3,"comment_status":"closed","ping_status":"closed","template":"","meta":{"footnotes":""},"class_list":["post-19","page","type-page","status-publish","hentry"],"yoast_head":"<!-- This site is optimized with the Yoast SEO plugin v27.4 - https:\/\/yoast.com\/product\/yoast-seo-wordpress\/ -->\n<title>Testimonios de Estudiantes &#187; BEATHEIM<\/title>\n<meta name=\"robots\" content=\"index, follow, max-snippet:-1, max-image-preview:large, max-video-preview:-1\" \/>\n<link rel=\"canonical\" href=\"https:\/\/www.beatheim.com\/es\/sobre-nosotros\/testimonios-de-estudiantes\/\" \/>\n<meta property=\"og:locale\" content=\"es_ES\" \/>\n<meta property=\"og:type\" content=\"article\" \/>\n<meta property=\"og:title\" content=\"Testimonios de Estudiantes &#187; BEATHEIM\" \/>\n<meta property=\"og:url\" content=\"https:\/\/www.beatheim.com\/es\/sobre-nosotros\/testimonios-de-estudiantes\/\" \/>\n<meta property=\"og:site_name\" content=\"BEATHEIM\" \/>\n<meta property=\"article:publisher\" content=\"https:\/\/www.facebook.com\/Beatheimdjacademy\" \/>\n<meta property=\"article:modified_time\" content=\"2021-04-15T10:04:06+00:00\" \/>\n<meta name=\"twitter:card\" content=\"summary_large_image\" \/>\n<meta name=\"twitter:label1\" content=\"Tiempo de lectura\" \/>\n\t<meta name=\"twitter:data1\" content=\"6 minutos\" \/>\n<script type=\"application\/ld+json\" class=\"yoast-schema-graph\">{\"@context\":\"https:\\\/\\\/schema.org\",\"@graph\":[{\"@type\":\"WebPage\",\"@id\":\"https:\\\/\\\/www.beatheim.com\\\/es\\\/sobre-nosotros\\\/testimonios-de-estudiantes\\\/\",\"url\":\"https:\\\/\\\/www.beatheim.com\\\/es\\\/sobre-nosotros\\\/testimonios-de-estudiantes\\\/\",\"name\":\"Testimonios de Estudiantes &#187; BEATHEIM\",\"isPartOf\":{\"@id\":\"https:\\\/\\\/www.beatheim.com\\\/es\\\/#website\"},\"datePublished\":\"2020-04-23T15:02:20+00:00\",\"dateModified\":\"2021-04-15T10:04:06+00:00\",\"breadcrumb\":{\"@id\":\"https:\\\/\\\/www.beatheim.com\\\/es\\\/sobre-nosotros\\\/testimonios-de-estudiantes\\\/#breadcrumb\"},\"inLanguage\":\"es\",\"potentialAction\":[{\"@type\":\"ReadAction\",\"target\":[\"https:\\\/\\\/www.beatheim.com\\\/es\\\/sobre-nosotros\\\/testimonios-de-estudiantes\\\/\"]}]},{\"@type\":\"BreadcrumbList\",\"@id\":\"https:\\\/\\\/www.beatheim.com\\\/es\\\/sobre-nosotros\\\/testimonios-de-estudiantes\\\/#breadcrumb\",\"itemListElement\":[{\"@type\":\"ListItem\",\"position\":1,\"name\":\"Sobre Nosotros\",\"item\":\"https:\\\/\\\/www.beatheim.com\\\/es\\\/sobre-nosotros\\\/\"},{\"@type\":\"ListItem\",\"position\":2,\"name\":\"Testimonios de Estudiantes\"}]},{\"@type\":\"WebSite\",\"@id\":\"https:\\\/\\\/www.beatheim.com\\\/es\\\/#website\",\"url\":\"https:\\\/\\\/www.beatheim.com\\\/es\\\/\",\"name\":\"BEATHEIM\",\"description\":\"Beatheim DJ Academy in Berlin\",\"potentialAction\":[{\"@type\":\"SearchAction\",\"target\":{\"@type\":\"EntryPoint\",\"urlTemplate\":\"https:\\\/\\\/www.beatheim.com\\\/es\\\/?s={search_term_string}\"},\"query-input\":{\"@type\":\"PropertyValueSpecification\",\"valueRequired\":true,\"valueName\":\"search_term_string\"}}],\"inLanguage\":\"es\"}]}<\/script>\n<!-- \/ Yoast SEO plugin. -->","yoast_head_json":{"title":"Testimonios de Estudiantes &#187; BEATHEIM","robots":{"index":"index","follow":"follow","max-snippet":"max-snippet:-1","max-image-preview":"max-image-preview:large","max-video-preview":"max-video-preview:-1"},"canonical":"https:\/\/www.beatheim.com\/es\/sobre-nosotros\/testimonios-de-estudiantes\/","og_locale":"es_ES","og_type":"article","og_title":"Testimonios de Estudiantes &#187; BEATHEIM","og_url":"https:\/\/www.beatheim.com\/es\/sobre-nosotros\/testimonios-de-estudiantes\/","og_site_name":"BEATHEIM","article_publisher":"https:\/\/www.facebook.com\/Beatheimdjacademy","article_modified_time":"2021-04-15T10:04:06+00:00","twitter_card":"summary_large_image","twitter_misc":{"Tiempo de lectura":"6 minutos"},"schema":{"@context":"https:\/\/schema.org","@graph":[{"@type":"WebPage","@id":"https:\/\/www.beatheim.com\/es\/sobre-nosotros\/testimonios-de-estudiantes\/","url":"https:\/\/www.beatheim.com\/es\/sobre-nosotros\/testimonios-de-estudiantes\/","name":"Testimonios de Estudiantes &#187; BEATHEIM","isPartOf":{"@id":"https:\/\/www.beatheim.com\/es\/#website"},"datePublished":"2020-04-23T15:02:20+00:00","dateModified":"2021-04-15T10:04:06+00:00","breadcrumb":{"@id":"https:\/\/www.beatheim.com\/es\/sobre-nosotros\/testimonios-de-estudiantes\/#breadcrumb"},"inLanguage":"es","potentialAction":[{"@type":"ReadAction","target":["https:\/\/www.beatheim.com\/es\/sobre-nosotros\/testimonios-de-estudiantes\/"]}]},{"@type":"BreadcrumbList","@id":"https:\/\/www.beatheim.com\/es\/sobre-nosotros\/testimonios-de-estudiantes\/#breadcrumb","itemListElement":[{"@type":"ListItem","position":1,"name":"Sobre Nosotros","item":"https:\/\/www.beatheim.com\/es\/sobre-nosotros\/"},{"@type":"ListItem","position":2,"name":"Testimonios de Estudiantes"}]},{"@type":"WebSite","@id":"https:\/\/www.beatheim.com\/es\/#website","url":"https:\/\/www.beatheim.com\/es\/","name":"BEATHEIM","description":"Beatheim DJ Academy in Berlin","potentialAction":[{"@type":"SearchAction","target":{"@type":"EntryPoint","urlTemplate":"https:\/\/www.beatheim.com\/es\/?s={search_term_string}"},"query-input":{"@type":"PropertyValueSpecification","valueRequired":true,"valueName":"search_term_string"}}],"inLanguage":"es"}]}},"_links":{"self":[{"href":"https:\/\/www.beatheim.com\/es\/wp-json\/wp\/v2\/pages\/19","targetHints":{"allow":["GET"]}}],"collection":[{"href":"https:\/\/www.beatheim.com\/es\/wp-json\/wp\/v2\/pages"}],"about":[{"href":"https:\/\/www.beatheim.com\/es\/wp-json\/wp\/v2\/types\/page"}],"author":[{"embeddable":true,"href":"https:\/\/www.beatheim.com\/es\/wp-json\/wp\/v2\/users\/1"}],"replies":[{"embeddable":true,"href":"https:\/\/www.beatheim.com\/es\/wp-json\/wp\/v2\/comments?post=19"}],"version-history":[{"count":0,"href":"https:\/\/www.beatheim.com\/es\/wp-json\/wp\/v2\/pages\/19\/revisions"}],"up":[{"embeddable":true,"href":"https:\/\/www.beatheim.com\/es\/wp-json\/wp\/v2\/pages\/12"}],"wp:attachment":[{"href":"https:\/\/www.beatheim.com\/es\/wp-json\/wp\/v2\/media?parent=19"}],"curies":[{"name":"wp","href":"https:\/\/api.w.org\/{rel}","templated":true}]}}