{"id":15,"date":"2020-04-23T15:01:36","date_gmt":"2020-04-23T15:01:36","guid":{"rendered":"http:\/\/localhost\/beatheim.com\/?page_id=15"},"modified":"2025-10-29T20:22:50","modified_gmt":"2025-10-29T19:22:50","slug":"filosofia","status":"publish","type":"page","link":"https:\/\/www.beatheim.com\/es\/sobre-nosotros\/filosofia\/","title":{"rendered":"Filosof\u00eda"},"content":{"rendered":"<p><section id=\"bt_bb_section69e9187ab749b\" class=\"bt_bb_section bt_bb_layout_boxed_1300 bt_bb_vertical_align_top bt_bb_background_overlay_dark_gradient bt_bb_top_spacing_large bt_bb_bottom_spacing_large\"  data-bt-override-class=\"null\"><div class=\"bt_bb_background_image_holder_wrapper\"><div class=\"bt_bb_background_image_holder bt_bb_parallax\"  data-parallax=\"0.6\" data-parallax-offset=\"0\" data-parallax-zoom-start=\"1\" data-parallax-zoom-end=\"1\" data-parallax-blur-start=\"0\" data-parallax-blur-end=\"0\" data-parallax-opacity-start=\"1\" data-parallax-opacity-end=\"1\" style=\" background-image:url(&#039;https:\/\/www.beatheim.com\/wp-content\/uploads\/filosofia.jpg&#039;);\"><\/div><\/div><div class=\"bt_bb_port\"><div class=\"bt_bb_cell\"><div class=\"bt_bb_cell_inner\"><div class=\"bt_bb_row \"  data-bt-override-class=\"{}\"><div class=\"bt_bb_row_holder\" ><div  class=\"bt_bb_column col-xxl-12 col-xl-12 bt_bb_vertical_align_top bt_bb_align_center bt_bb_padding_normal bt_bb_animation_fade_in move_up animate\" style=\"; --column-width:12;\" data-width=\"12\" data-bt-override-class=\"{}\"><div class=\"bt_bb_column_content\"><div class=\"bt_bb_column_content_inner\"><div class=\"bt_bb_separator bt_bb_border_style_none bt_bb_top_spacing_large bt_bb_bottom_spacing_large\" data-bt-override-class=\"null\"><\/div><header class=\"bt_bb_headline bt_bb_font_weight_lighter bt_bb_dash_none bt_bb_size_large bt_bb_align_inherit\" data-bt-override-class=\"{}\"><h1 class=\"bt_bb_headline_tag\"><span class=\"bt_bb_headline_content\"><span>FILOSOF\u00cdA<\/span><\/span><\/h1><\/header><div class=\"bt_bb_separator bt_bb_border_style_none bt_bb_top_spacing_medium bt_bb_bottom_spacing_small\" data-bt-override-class=\"null\"><\/div><\/div><\/div><\/div><\/div><\/div><\/div><!-- cell_inner --><\/div><!-- cell --><\/div><!-- port --><\/section><section id=\"bt_bb_section69e9187ab7ac7\" class=\"bt_bb_section bt_bb_layout_boxed_1100 bt_bb_vertical_align_top bt_bb_top_spacing_large bt_bb_bottom_spacing_large\"  data-bt-override-class=\"null\"><div class=\"bt_bb_port\"><div class=\"bt_bb_cell\"><div class=\"bt_bb_cell_inner\"><div class=\"bt_bb_row \"  data-bt-override-class=\"{}\"><div class=\"bt_bb_row_holder\" ><div  class=\"bt_bb_column col-xxl-12 col-xl-12 bt_bb_vertical_align_top bt_bb_align_center bt_bb_padding_normal bt_bb_animation_fade_in animate\" style=\"; --column-width:12;\" data-width=\"12\" data-bt-override-class=\"{}\"><div class=\"bt_bb_column_content\"><div class=\"bt_bb_column_content_inner\"><div  class=\"bt_bb_text\" ><\/p>\n<p style=\"text-align: left\">Motivados por nuestra <strong>pasi\u00f3n por los beats<\/strong> y armados con <strong>a\u00f1os de experiencia<\/strong>, nuestra misi\u00f3n es convertir a los <strong>amantes de la m\u00fasica<\/strong> en <strong>creadores de sonido<\/strong>. \u00danete a nosotros y aprende el <strong>arte de mezclar<\/strong> como un DJ, mientras experimentas de primera mano la reputada <strong>cultura de club berlinesa<\/strong> desde el otro lado de los platos.<\/p>\n<p style=\"text-align: left\"><strong>Beatheim<\/strong> es m\u00e1s que un centro de formaci\u00f3n al uso. Nuestros estudiantes encuentran aqu\u00ed un hogar donde aprender a mezclar, manejar y dar vida propia a los <strong>beats<\/strong> que tanto nos hacen vibrar. En un <strong>ambiente abierto y acogedor<\/strong> te invitamos a <strong>compartir<\/strong> no solo <strong>conocimientos<\/strong>, sino tambi\u00e9n <strong>emociones<\/strong>, ya que nuestra vocaci\u00f3n es crear comunidad en torno a una pasi\u00f3n compartida: <strong>conectar mediante la m\u00fasica electr\u00f3nica.<\/strong><\/p>\n<p style=\"text-align: justify\"><b>Berl\u00edn<\/b><span style=\"font-weight: 400\"> es una ciudad <\/span><b>moderna<\/b><span style=\"font-weight: 400\"> y <\/span><b>flexible<\/b><span style=\"font-weight: 400\"> que se adapta constantemente a los nuevos cambios. Estas caracter\u00edsticas tambi\u00e9n se encuentran en el estilo de vida de los Berlineses, es por ello que en <\/span><b>Beatheim <\/b><span style=\"font-weight: 400\">tambi\u00e9n nos adaptamos a las necesidades de nuestros alumnos.\u00a0<\/span><\/p>\n<p style=\"text-align: justify\"><span style=\"font-weight: 400\">Vivimos en una <\/span><b>edad moderna<\/b><span style=\"font-weight: 400\"> donde las circunstancias actuales nos obligan a virtualizar la forma de relacionarnos. Por eso, adem\u00e1s de nuestros <strong>m\u00f3dulos presenciales<\/strong><\/span><span style=\"font-weight: 400\">, te ofrecemos tambi\u00e9n<\/span> <b>m\u00f3dulos online<\/b><span style=\"font-weight: 400\">. Es importante destacar que en cualquiera de estos dos formatos, <\/span><b>las clases son 100% personalizadas<\/b><span style=\"font-weight: 400\">, con un <\/span><b>m\u00e1ximo de 4 personas por clase,<\/b><span style=\"font-weight: 400\"> ajust\u00e1ndonos as\u00ed a tus conocimientos y necesidades.<\/span><\/p>\n<p style=\"text-align: justify\"><span style=\"font-weight: 400\">Ofrecemos<\/span><b> flexibilidad<\/b><span style=\"font-weight: 400\">, ya que podr\u00e1s <\/span><b>reservar m\u00f3dulos de manera individual<\/b><span style=\"font-weight: 400\">, sin necesidad de pagar cursos completos por adelantado que tal vez no cumplan posteriormente tus expectativas. Adem\u00e1s, puedes <\/span><b>programar de forma espont\u00e1nea<\/b><span style=\"font-weight: 400\"> y conjuntamente con tu profesor <\/span><b>el horario de tu pr\u00f3xima clase<\/b><span style=\"font-weight: 400\"> al finalizar cada sesi\u00f3n, lo que te permite <strong>adaptar el curso a tu ritmo de vida<\/strong>.\u00a0\u00a0<\/span><\/p>\n<p style=\"text-align: justify\"><span style=\"font-weight: 400\">Nos sentimos muy afortunados de que pongas tu confianza en nosotros, y es por ello que la <\/span><b>inscripci\u00f3n <\/b><span style=\"font-weight: 400\">es <\/span><b>100% gratuita.<\/b><span style=\"font-weight: 400\"> Por otro lado, creemos firmemente en fomentar el <strong>apoyo y respeto entre nuestros alumnos<\/strong>, as\u00ed que facilitamos las herramientas necesarias para la creaci\u00f3n de nuestra <\/span><b>comunidad de alumnos, <\/b><span style=\"font-weight: 400\">donde se comparten consejos e ideas de gran relevancia que te ayudaran en tu proceso de formaci\u00f3n como DJ.<\/span><\/p>\n<p style=\"text-align: justify\"><span style=\"font-weight: 400\">Por \u00faltimo, y gracias a la multiculturalidad que Berl\u00edn ofrece, hemos decidido impartir todos nuestros m\u00f3dulos en <\/span><b>4 idiomas: Espa\u00f1ol, Alem\u00e1n, Ingl\u00e9s y Franc\u00e9s<\/b><span style=\"font-weight: 400\">. <\/span><\/p>\n<p>\n<\/div><div class=\"bt_bb_separator bt_bb_border_style_none bt_bb_top_spacing_normal bt_bb_bottom_spacing_normal\" data-bt-override-class=\"null\"><\/div><\/div><\/div><\/div><\/div><\/div><div class=\"bt_bb_row \"  data-bt-override-class=\"{}\"><div class=\"bt_bb_row_holder\" ><div  class=\"bt_bb_column col-xxl-12 col-xl-12 bt_bb_vertical_align_top bt_bb_align_center bt_bb_padding_normal\" style=\"; --column-width:12;\" data-width=\"12\" data-bt-override-class=\"{}\"><div class=\"bt_bb_column_content\"><div class=\"bt_bb_column_content_inner\"><div class=\"bt_bb_content_slider bt_bb_gap_small bt_bb_arrows_size_normal bt_bb_show_dots_hide bt_bb_height_keep-height bt_bb_animation_slide bt_bb_multiple_slides bt_bb_animation_slide animate\" data-bt-override-class=\"{}\"><div class=\"slick-slider\"  data-slick='{ \"lazyLoad\": \"progressive\", \"cssEase\": \"ease-out\", \"speed\": \"600\", \"accessibility\": false, \"prevArrow\": \"&lt;button type=\\\"button\\\" class=\\\"slick-prev\\\" aria-label=\\\"Previous\\\" tabindex=\\\"0\\\" role=\\\"button\\\"&gt;&lt;\/button&gt;\", \"nextArrow\": \"&lt;button type=\\\"button\\\" class=\\\"slick-next\\\" aria-label=\\\"Next\\\" tabindex=\\\"0\\\" role=\\\"button\\\"&gt;&lt;\/button&gt;\",\"autoplay\": true, \"autoplaySpeed\": 1000,\"slidesToShow\": 4, \"responsive\": [{ \"breakpoint\": 481, \"settings\": { \"slidesToShow\": 1, \"slidesToScroll\": 1 } },{ \"breakpoint\": 769, \"settings\": { \"slidesToShow\": 2, \"slidesToScroll\": 2 } },{ \"breakpoint\": 993, \"settings\": { \"slidesToShow\": 3, \"slidesToScroll\": 3 } },{ \"breakpoint\": 1201, \"settings\": { \"slidesToShow\": 4, \"slidesToScroll\": 4 } },{ \"breakpoint\": 1401, \"settings\": { \"slidesToShow\": 4, \"slidesToScroll\": 4 } }]}' ><div class=\"bt_bb_content_slider_item\"><div class=\"bt_bb_content_slider_item_content content\"><div class=\"bt_bb_service bt_bb_color_scheme_4 bt_bb_style_borderless bt_bb_size_small bt_bb_shape_circle bt_bb_target_self bt_bb_align_inherit\" style=\"; --primary-color:#3f888f; --secondary-color:#ffffff;\" data-bt-override-class=\"{}\"><span  data-ico-icon7stroke=\"&#xe69e;\" class=\"bt_bb_icon_holder\"><\/span><div class=\"bt_bb_service_content\"><div class=\"bt_bb_service_content_text\">M\u00f3dulos individuales<\/div><\/div><\/div><\/div><\/div><div class=\"bt_bb_content_slider_item\"><div class=\"bt_bb_content_slider_item_content content\"><div class=\"bt_bb_service bt_bb_color_scheme_4 bt_bb_style_borderless bt_bb_size_small bt_bb_shape_circle bt_bb_target_self bt_bb_align_inherit\" style=\"; --primary-color:#3f888f; --secondary-color:#ffffff;\" data-bt-override-class=\"{}\"><span  data-ico-essential=\"&#xe92e;\" class=\"bt_bb_icon_holder\"><\/span><div class=\"bt_bb_service_content\"><div class=\"bt_bb_service_content_text\">Online y presencial<\/div><\/div><\/div><\/div><\/div><div class=\"bt_bb_content_slider_item\"><div class=\"bt_bb_content_slider_item_content content\"><div class=\"bt_bb_service bt_bb_color_scheme_4 bt_bb_style_borderless bt_bb_size_small bt_bb_shape_circle bt_bb_target_self bt_bb_align_inherit\" style=\"; --primary-color:#3f888f; --secondary-color:#ffffff;\" data-bt-override-class=\"{&quot;bt_bb_size_&quot;:{&quot;current_class&quot;:&quot;bt_bb_size_small&quot;,&quot;def&quot;:&quot;small&quot;,&quot;xl&quot;:&quot;small&quot;},&quot;bt_bb_align_&quot;:{&quot;current_class&quot;:&quot;bt_bb_align_inherit&quot;,&quot;def&quot;:&quot;inherit&quot;,&quot;xl&quot;:&quot;inherit&quot;}}\"><span  data-ico-business=\"&#xf16e;\" class=\"bt_bb_icon_holder\"><\/span><div class=\"bt_bb_service_content\"><div class=\"bt_bb_service_content_text\">Inscripci\u00f3n gratuita<\/div><\/div><\/div><\/div><\/div><div class=\"bt_bb_content_slider_item\"><div class=\"bt_bb_content_slider_item_content content\"><div class=\"bt_bb_service bt_bb_color_scheme_4 bt_bb_style_borderless bt_bb_size_small bt_bb_shape_circle bt_bb_target_self bt_bb_align_inherit\" style=\"; --primary-color:#3f888f; --secondary-color:#ffffff;\" data-bt-override-class=\"{&quot;bt_bb_size_&quot;:{&quot;current_class&quot;:&quot;bt_bb_size_small&quot;,&quot;def&quot;:&quot;small&quot;,&quot;xl&quot;:&quot;small&quot;},&quot;bt_bb_align_&quot;:{&quot;current_class&quot;:&quot;bt_bb_align_inherit&quot;,&quot;def&quot;:&quot;inherit&quot;,&quot;xl&quot;:&quot;inherit&quot;}}\"><span  data-ico-business=\"&#xf1a5;\" class=\"bt_bb_icon_holder\"><\/span><div class=\"bt_bb_service_content\"><div class=\"bt_bb_service_content_text\">Horarios flexibles<\/div><\/div><\/div><\/div><\/div><div class=\"bt_bb_content_slider_item\"><div class=\"bt_bb_content_slider_item_content content\"><div class=\"bt_bb_service bt_bb_color_scheme_4 bt_bb_style_borderless bt_bb_size_small bt_bb_shape_circle bt_bb_target_self bt_bb_align_inherit\" style=\"; --primary-color:#3f888f; --secondary-color:#ffffff;\" data-bt-override-class=\"{&quot;bt_bb_size_&quot;:{&quot;current_class&quot;:&quot;bt_bb_size_small&quot;,&quot;def&quot;:&quot;small&quot;,&quot;xl&quot;:&quot;small&quot;},&quot;bt_bb_align_&quot;:{&quot;current_class&quot;:&quot;bt_bb_align_inherit&quot;,&quot;def&quot;:&quot;inherit&quot;,&quot;xl&quot;:&quot;inherit&quot;}}\"><span  data-ico-development=\"&#xf13f;\" class=\"bt_bb_icon_holder\"><\/span><div class=\"bt_bb_service_content\"><div class=\"bt_bb_service_content_text\">Grupos reducidos<\/div><\/div><\/div><\/div><\/div><div class=\"bt_bb_content_slider_item\"><div class=\"bt_bb_content_slider_item_content content\"><div class=\"bt_bb_service bt_bb_color_scheme_4 bt_bb_style_borderless bt_bb_size_small bt_bb_shape_circle bt_bb_target_self bt_bb_align_inherit\" style=\"; --primary-color:#3f888f; --secondary-color:#ffffff;\" data-bt-override-class=\"{&quot;bt_bb_size_&quot;:{&quot;current_class&quot;:&quot;bt_bb_size_small&quot;,&quot;def&quot;:&quot;small&quot;,&quot;xl&quot;:&quot;small&quot;},&quot;bt_bb_align_&quot;:{&quot;current_class&quot;:&quot;bt_bb_align_inherit&quot;,&quot;def&quot;:&quot;inherit&quot;,&quot;xl&quot;:&quot;inherit&quot;}}\"><span  data-ico-essential=\"&#xe956;\" class=\"bt_bb_icon_holder\"><\/span><div class=\"bt_bb_service_content\"><div class=\"bt_bb_service_content_text\">100% Personalizado<\/div><\/div><\/div><\/div><\/div><div class=\"bt_bb_content_slider_item\"><div class=\"bt_bb_content_slider_item_content content\"><div class=\"bt_bb_service bt_bb_color_scheme_4 bt_bb_style_borderless bt_bb_size_small bt_bb_shape_circle bt_bb_target_self bt_bb_align_inherit\" style=\"; --primary-color:#3f888f; --secondary-color:#ffffff;\" data-bt-override-class=\"{&quot;bt_bb_size_&quot;:{&quot;current_class&quot;:&quot;bt_bb_size_small&quot;,&quot;def&quot;:&quot;small&quot;,&quot;xl&quot;:&quot;small&quot;},&quot;bt_bb_align_&quot;:{&quot;current_class&quot;:&quot;bt_bb_align_inherit&quot;,&quot;def&quot;:&quot;inherit&quot;,&quot;xl&quot;:&quot;inherit&quot;}}\"><span  data-ico-productivity=\"&#xf127;\" class=\"bt_bb_icon_holder\"><\/span><div class=\"bt_bb_service_content\"><div class=\"bt_bb_service_content_text\">Comunidad de alumnos<\/div><\/div><\/div><\/div><\/div><div class=\"bt_bb_content_slider_item\"><div class=\"bt_bb_content_slider_item_content content\"><div class=\"bt_bb_service bt_bb_color_scheme_4 bt_bb_style_borderless bt_bb_size_small bt_bb_shape_circle bt_bb_target_self bt_bb_align_inherit\" style=\"; --primary-color:#3f888f; --secondary-color:#ffffff;\" data-bt-override-class=\"{&quot;bt_bb_size_&quot;:{&quot;current_class&quot;:&quot;bt_bb_size_small&quot;,&quot;def&quot;:&quot;small&quot;,&quot;xl&quot;:&quot;small&quot;},&quot;bt_bb_align_&quot;:{&quot;current_class&quot;:&quot;bt_bb_align_inherit&quot;,&quot;def&quot;:&quot;inherit&quot;,&quot;xl&quot;:&quot;inherit&quot;}}\"><span  data-ico-fontawesome=\"&#xf1ab;\" class=\"bt_bb_icon_holder\"><\/span><div class=\"bt_bb_service_content\"><div class=\"bt_bb_service_content_text\">Espa\u00f1ol, Alem\u00e1n e Ingles<\/div><\/div><\/div><\/div><\/div><\/div><\/div><\/div><\/div><\/div><\/div><\/div><\/div><!-- cell_inner --><\/div><!-- cell --><\/div><!-- port --><\/section><\/p>\n","protected":false},"excerpt":{"rendered":"","protected":false},"author":1,"featured_media":0,"parent":12,"menu_order":1,"comment_status":"closed","ping_status":"closed","template":"","meta":{"footnotes":""},"class_list":["post-15","page","type-page","status-publish","hentry"],"yoast_head":"<!-- This site is optimized with the Yoast SEO plugin v27.4 - https:\/\/yoast.com\/product\/yoast-seo-wordpress\/ -->\n<title>Filosof\u00eda &#187; BEATHEIM<\/title>\n<meta name=\"robots\" content=\"index, follow, max-snippet:-1, max-image-preview:large, max-video-preview:-1\" \/>\n<link rel=\"canonical\" href=\"https:\/\/www.beatheim.com\/es\/sobre-nosotros\/filosofia\/\" \/>\n<meta property=\"og:locale\" content=\"es_ES\" \/>\n<meta property=\"og:type\" content=\"article\" \/>\n<meta property=\"og:title\" content=\"Filosof\u00eda &#187; BEATHEIM\" \/>\n<meta property=\"og:url\" content=\"https:\/\/www.beatheim.com\/es\/sobre-nosotros\/filosofia\/\" \/>\n<meta property=\"og:site_name\" content=\"BEATHEIM\" \/>\n<meta property=\"article:publisher\" content=\"https:\/\/www.facebook.com\/Beatheimdjacademy\" \/>\n<meta property=\"article:modified_time\" content=\"2025-10-29T19:22:50+00:00\" \/>\n<meta name=\"twitter:card\" content=\"summary_large_image\" \/>\n<meta name=\"twitter:label1\" content=\"Tiempo de lectura\" \/>\n\t<meta name=\"twitter:data1\" content=\"7 minutos\" \/>\n<script type=\"application\/ld+json\" class=\"yoast-schema-graph\">{\"@context\":\"https:\\\/\\\/schema.org\",\"@graph\":[{\"@type\":\"WebPage\",\"@id\":\"https:\\\/\\\/www.beatheim.com\\\/es\\\/sobre-nosotros\\\/filosofia\\\/\",\"url\":\"https:\\\/\\\/www.beatheim.com\\\/es\\\/sobre-nosotros\\\/filosofia\\\/\",\"name\":\"Filosof\u00eda &#187; BEATHEIM\",\"isPartOf\":{\"@id\":\"https:\\\/\\\/www.beatheim.com\\\/es\\\/#website\"},\"datePublished\":\"2020-04-23T15:01:36+00:00\",\"dateModified\":\"2025-10-29T19:22:50+00:00\",\"breadcrumb\":{\"@id\":\"https:\\\/\\\/www.beatheim.com\\\/es\\\/sobre-nosotros\\\/filosofia\\\/#breadcrumb\"},\"inLanguage\":\"es\",\"potentialAction\":[{\"@type\":\"ReadAction\",\"target\":[\"https:\\\/\\\/www.beatheim.com\\\/es\\\/sobre-nosotros\\\/filosofia\\\/\"]}]},{\"@type\":\"BreadcrumbList\",\"@id\":\"https:\\\/\\\/www.beatheim.com\\\/es\\\/sobre-nosotros\\\/filosofia\\\/#breadcrumb\",\"itemListElement\":[{\"@type\":\"ListItem\",\"position\":1,\"name\":\"Sobre Nosotros\",\"item\":\"https:\\\/\\\/www.beatheim.com\\\/es\\\/sobre-nosotros\\\/\"},{\"@type\":\"ListItem\",\"position\":2,\"name\":\"Filosof\u00eda\"}]},{\"@type\":\"WebSite\",\"@id\":\"https:\\\/\\\/www.beatheim.com\\\/es\\\/#website\",\"url\":\"https:\\\/\\\/www.beatheim.com\\\/es\\\/\",\"name\":\"BEATHEIM\",\"description\":\"Beatheim DJ Academy in Berlin\",\"potentialAction\":[{\"@type\":\"SearchAction\",\"target\":{\"@type\":\"EntryPoint\",\"urlTemplate\":\"https:\\\/\\\/www.beatheim.com\\\/es\\\/?s={search_term_string}\"},\"query-input\":{\"@type\":\"PropertyValueSpecification\",\"valueRequired\":true,\"valueName\":\"search_term_string\"}}],\"inLanguage\":\"es\"}]}<\/script>\n<!-- \/ Yoast SEO plugin. -->","yoast_head_json":{"title":"Filosof\u00eda &#187; BEATHEIM","robots":{"index":"index","follow":"follow","max-snippet":"max-snippet:-1","max-image-preview":"max-image-preview:large","max-video-preview":"max-video-preview:-1"},"canonical":"https:\/\/www.beatheim.com\/es\/sobre-nosotros\/filosofia\/","og_locale":"es_ES","og_type":"article","og_title":"Filosof\u00eda &#187; BEATHEIM","og_url":"https:\/\/www.beatheim.com\/es\/sobre-nosotros\/filosofia\/","og_site_name":"BEATHEIM","article_publisher":"https:\/\/www.facebook.com\/Beatheimdjacademy","article_modified_time":"2025-10-29T19:22:50+00:00","twitter_card":"summary_large_image","twitter_misc":{"Tiempo de lectura":"7 minutos"},"schema":{"@context":"https:\/\/schema.org","@graph":[{"@type":"WebPage","@id":"https:\/\/www.beatheim.com\/es\/sobre-nosotros\/filosofia\/","url":"https:\/\/www.beatheim.com\/es\/sobre-nosotros\/filosofia\/","name":"Filosof\u00eda &#187; BEATHEIM","isPartOf":{"@id":"https:\/\/www.beatheim.com\/es\/#website"},"datePublished":"2020-04-23T15:01:36+00:00","dateModified":"2025-10-29T19:22:50+00:00","breadcrumb":{"@id":"https:\/\/www.beatheim.com\/es\/sobre-nosotros\/filosofia\/#breadcrumb"},"inLanguage":"es","potentialAction":[{"@type":"ReadAction","target":["https:\/\/www.beatheim.com\/es\/sobre-nosotros\/filosofia\/"]}]},{"@type":"BreadcrumbList","@id":"https:\/\/www.beatheim.com\/es\/sobre-nosotros\/filosofia\/#breadcrumb","itemListElement":[{"@type":"ListItem","position":1,"name":"Sobre Nosotros","item":"https:\/\/www.beatheim.com\/es\/sobre-nosotros\/"},{"@type":"ListItem","position":2,"name":"Filosof\u00eda"}]},{"@type":"WebSite","@id":"https:\/\/www.beatheim.com\/es\/#website","url":"https:\/\/www.beatheim.com\/es\/","name":"BEATHEIM","description":"Beatheim DJ Academy in Berlin","potentialAction":[{"@type":"SearchAction","target":{"@type":"EntryPoint","urlTemplate":"https:\/\/www.beatheim.com\/es\/?s={search_term_string}"},"query-input":{"@type":"PropertyValueSpecification","valueRequired":true,"valueName":"search_term_string"}}],"inLanguage":"es"}]}},"_links":{"self":[{"href":"https:\/\/www.beatheim.com\/es\/wp-json\/wp\/v2\/pages\/15","targetHints":{"allow":["GET"]}}],"collection":[{"href":"https:\/\/www.beatheim.com\/es\/wp-json\/wp\/v2\/pages"}],"about":[{"href":"https:\/\/www.beatheim.com\/es\/wp-json\/wp\/v2\/types\/page"}],"author":[{"embeddable":true,"href":"https:\/\/www.beatheim.com\/es\/wp-json\/wp\/v2\/users\/1"}],"replies":[{"embeddable":true,"href":"https:\/\/www.beatheim.com\/es\/wp-json\/wp\/v2\/comments?post=15"}],"version-history":[{"count":1,"href":"https:\/\/www.beatheim.com\/es\/wp-json\/wp\/v2\/pages\/15\/revisions"}],"predecessor-version":[{"id":14171,"href":"https:\/\/www.beatheim.com\/es\/wp-json\/wp\/v2\/pages\/15\/revisions\/14171"}],"up":[{"embeddable":true,"href":"https:\/\/www.beatheim.com\/es\/wp-json\/wp\/v2\/pages\/12"}],"wp:attachment":[{"href":"https:\/\/www.beatheim.com\/es\/wp-json\/wp\/v2\/media?parent=15"}],"curies":[{"name":"wp","href":"https:\/\/api.w.org\/{rel}","templated":true}]}}