{"id":9621,"date":"2022-10-14T13:49:50","date_gmt":"2022-10-14T11:49:50","guid":{"rendered":"https:\/\/www.beatheim.com\/?page_id=9621"},"modified":"2022-10-14T13:50:21","modified_gmt":"2022-10-14T11:50:21","slug":"cookies","status":"publish","type":"page","link":"https:\/\/www.beatheim.com\/de\/cookies\/","title":{"rendered":"Cookies"},"content":{"rendered":"<p><section id=\"bt_bb_section69e913fb7b20f\" class=\"bt_bb_section bt_bb_layout_wide bt_bb_vertical_align_top bt_bb_background_overlay_dark_gradient bt_bb_top_spacing_large bt_bb_bottom_spacing_extra_large\"  data-bt-override-class=\"null\"><div class=\"bt_bb_background_image_holder_wrapper\"><div class=\"bt_bb_background_image_holder bt_bb_parallax\"  data-parallax=\"0.7\" data-parallax-offset=\"0\" data-parallax-zoom-start=\"1\" data-parallax-zoom-end=\"1\" data-parallax-blur-start=\"0\" data-parallax-blur-end=\"0\" data-parallax-opacity-start=\"1\" data-parallax-opacity-end=\"1\" style=\" background-image:url(&#039;https:\/\/www.beatheim.com\/wp-content\/uploads\/97A0690.jpg&#039;);\"><\/div><\/div><div class=\"bt_bb_port\"><div class=\"bt_bb_cell\"><div class=\"bt_bb_cell_inner\"><div class=\"bt_bb_row \"  data-bt-override-class=\"{}\"><div class=\"bt_bb_row_holder\" ><div  class=\"bt_bb_column col-xxl-12 col-xl-12 bt_bb_vertical_align_top bt_bb_align_center bt_bb_padding_normal bt_bb_animation_fade_in animate\" style=\"; --column-width:12;\" data-width=\"12\" data-bt-override-class=\"{}\"><div class=\"bt_bb_column_content\"><div class=\"bt_bb_column_content_inner\"><div class=\"bt_bb_separator bt_bb_border_style_none bt_bb_top_spacing_large bt_bb_bottom_spacing_large\" data-bt-override-class=\"null\"><\/div><header class=\"bt_bb_headline bt_bb_font_weight_lighter bt_bb_dash_none bt_bb_size_large bt_bb_align_inherit\" data-bt-override-class=\"{&quot;bt_bb_size_&quot;:{&quot;current_class&quot;:&quot;bt_bb_size_large&quot;,&quot;def&quot;:&quot;large&quot;,&quot;xl&quot;:&quot;large&quot;},&quot;bt_bb_align_&quot;:{&quot;current_class&quot;:&quot;bt_bb_align_inherit&quot;,&quot;def&quot;:&quot;inherit&quot;,&quot;xl&quot;:&quot;inherit&quot;}}\"><h1 class=\"bt_bb_headline_tag\"><span class=\"bt_bb_headline_content\"><span>COOKIES<\/span><\/span><\/h1><\/header><\/div><\/div><\/div><\/div><\/div><\/div><!-- cell_inner --><\/div><!-- cell --><\/div><!-- port --><\/section><section id=\"bt_bb_section69e913fb7bb12\" class=\"bt_bb_section bt_bb_layout_boxed_1000 bt_bb_vertical_align_top bt_bb_top_spacing_normal bt_bb_bottom_spacing_large\"  data-bt-override-class=\"null\"><div class=\"bt_bb_port\"><div class=\"bt_bb_cell\"><div class=\"bt_bb_cell_inner\"><div class=\"bt_bb_row \"  data-bt-override-class=\"{}\"><div class=\"bt_bb_row_holder\" ><div  class=\"bt_bb_column col-xxl-12 col-xl-12 bt_bb_vertical_align_top bt_bb_align_left bt_bb_padding_normal\" style=\"; --column-width:12;\" data-width=\"12\" data-bt-override-class=\"{}\"><div class=\"bt_bb_column_content\"><div class=\"bt_bb_column_content_inner\"><div  class=\"bt_bb_text\" ><\/p>\n<p>Die <strong>BEATHEIM <\/strong>Website (im Folgenden die Website) verwendet Cookies. Cookies sind Dateien, die von einem Webserver an einen Browser gesendet werden, um die Aktivit\u00e4ten des Nutzers auf einer bestimmten Website aufzuzeichnen Der Hauptzweck von Cookies besteht darin, dem Nutzer einen schnelleren Zugriff auf die ausgew\u00e4hlten Dienste zu erm\u00f6glichen Dar\u00fcber hinaus personalisieren Cookies die von der Website angebotenen Dienste, indem sie jedem Nutzer Informationen zur Verf\u00fcgung stellen und anbieten, die f\u00fcr ihn von Interesse sind oder sein k\u00f6nnten, je nachdem, wie er die Dienste nutzt<\/p>\n<p>Durch die Nutzung unserer Website akzeptieren und genehmigen Sie ausdr\u00fccklich die Verwendung von Cookies in \u00dcbereinstimmung mit unserer <a href=\"https:\/\/www.beatheim.com\/de\/datenschutz\/\">Datenschutzrichtlinie.<\/a><\/p>\n<p><strong>WAS SIND COOKIES?<\/strong><\/p>\n<p>Ein Cookie ist eine sehr kleine Textdatei, die ein Webserver auf dem Browser eines Computers speichern kann, um einige Informationen \u00fcber den Benutzer zu speichern Der Cookie identifiziert Ihren Computer eindeutig und kann nur von der Website gelesen werden, die ihn an Ihren Computer gesendet hat.<\/p>\n<p>Ein Cookie ist keine ausf\u00fchrbare Datei oder ein Programm und kann daher weder einen Virus oder andere b\u00f6sartige Software verbreiten oder enthalten, noch kann er l\u00e4nger als 4.000 Zeichen sein.<\/p>\n<p><strong>WOF\u00dcR WERDEN COOKIES VERWENDET?<\/strong><\/p>\n<p>Die Verwendung von Cookies dient dazu, sich die Pr\u00e4ferenzen des Benutzers zu merken (Sprache, Land, Login, Browserfunktionen, Informationen \u00fcber die Nutzung unserer Website usw.).<\/p>\n<p>Indem wir uns Ihre Pr\u00e4ferenzen merken, m\u00fcssen wir Sie z.B. nicht jedes Mal nach Ihrem Land fragen, wenn Sie unsere Website besuchen. . Wir kennen die Merkmale des Betriebssystems und des Browsers des von Ihnen verwendeten Ger\u00e4ts, so dass wir Ihnen ein besseres Surferlebnis bieten k\u00f6nnen.<\/p>\n<p>Cookies k\u00f6nnen unserer Website dabei helfen, den Browser des Nutzers als einen fr\u00fcheren Besucher zu erkennen und so Pr\u00e4ferenzen zu speichern und zu merken, die der Nutzer beim Surfen auf der Website festgelegt hat, die Startseite anzupassen, zu erkennen, welche Bereiche einer Website besucht wurden, oder die Auswahl in einem &#8222;Warenkorb&#8220; zu verfolgen, um nur einige zu nennen.<\/p>\n<p><strong>BEATHEIM <\/strong>kann Cookies verwenden, um Nutzer zu erkennen, die unsere Website besucht haben, und um ihnen einen besseren und pers\u00f6nlicheren Service bieten zu k\u00f6nnen. Sie k\u00f6nnen auch verwendet werden, um Informationen \u00fcber das Datum und die Uhrzeit des letzten Besuchs des Nutzers zu erhalten, um einige Verkehrsparameter auf der Website selbst zu messen und um die Anzahl der Besuche zu sch\u00e4tzen, damit <strong>BEATHEIM<\/strong> seine Dienstleistungen und Werbeaktionen besser ausrichten und anpassen kann.<\/p>\n<p>Websites verwenden in der Regel Cookies, um statistische Informationen \u00fcber ihre Webseiten zu erhalten. Bitte beachten Sie, dass wir Daten \u00fcber Ihre Bewegungen und die Nutzung unserer Website als statistische Daten und nicht als pers\u00f6nliche Daten sammeln.<\/p>\n<p><strong>ARTEN VON COOKIES<\/strong><\/p>\n<p>Cookies k\u00f6nnen nach der Einrichtung, die sie verwaltet, nach der Zeit, die sie aktiv bleiben, oder nach ihrem Zweck klassifiziert werden. In einigen F\u00e4llen k\u00f6nnen wir feststellen, dass ein und dasselbe Cookie in mehr als eine Kategorie fallen kann.<\/p>\n<p><strong>Basierend auf Ihrem Eigentum<\/strong><\/p>\n<ul>\n<li><strong>Erstanbieter-Cookies<\/strong>: Cookies, die von einem von <strong>BEATHEIM<\/strong> verwalteten Computer oder einer Dom\u00e4ne an den Computer des Nutzers gesendet werden<\/li>\n<li><strong>Drittanbieter-Cookies:<\/strong> Cookies, die von einem Computer oder einer Dom\u00e4ne, die nicht vom Herausgeber verwaltet werden, sondern von einer anderen Einheit, die die durch die Cookies erhaltenen Daten verarbeitet, an das Endger\u00e4t des Benutzers gesendet werden.<\/li>\n<\/ul>\n<p><strong>Basierend auf ihrer Lebensdauer<\/strong><\/p>\n<ul>\n<li><strong>Sitzungs-Cookies:<\/strong> Dies sind diejenigen, die Daten sammeln, w\u00e4hrend der Benutzer auf der Website surft.<\/li>\n<li><strong>Dauerhafte Cookies:<\/strong> Dies sind diejenigen, bei denen die Daten weiterhin auf dem Endger\u00e4t gespeichert werden und f\u00fcr einen vom Verantwortlichen f\u00fcr das Cookie festgelegten Zeitraum, der von einigen Minuten bis zu mehreren Jahren reichen kann, abgerufen und verarbeitet werden k\u00f6nnen.<\/li>\n<\/ul>\n<p><strong>Je nach ihrem Zweck<\/strong><\/p>\n<ul>\n<li><strong>Technische Cookies:<\/strong> Dies sind diejenigen, die intern verwendet werden und f\u00fcr den Betrieb der Website notwendig sind.<\/li>\n<li><strong>Analytische Cookies:<\/strong> Diese erm\u00f6glichen das Sammeln von statistischen Informationen \u00fcber die Benutzeraktivit\u00e4t. Diese Informationen werden anonym gesammelt und erm\u00f6glichen es uns, die Navigation auf unserer Website zu optimieren, um dem Benutzer einen besseren Service zu bieten.<\/li>\n<li><strong>Anpassungs-Cookies<\/strong>: Sie erm\u00f6glichen es dem Benutzer, auf den Dienst mit einigen allgemeinen Merkmalen zuzugreifen, die anhand einer Reihe von Kriterien im Endger\u00e4t des Benutzers vordefiniert sind, wie z.B. die Sprache, der Browsertyp, \u00fcber den der Benutzer auf den Dienst zugreift, die regionale Konfiguration, von der aus der Benutzer auf den Dienst zugreift, usw.<\/li>\n<li><strong>Werbe-Cookies<\/strong>: Diese erm\u00f6glichen eine m\u00f6glichst effiziente Verwaltung der Werbefl\u00e4chen, die der Herausgeber gegebenenfalls auf einer Webseite, einer Anwendung oder einer Plattform, von der aus er den angeforderten Dienst anbietet, auf der Grundlage von Kriterien wie dem bearbeiteten Inhalt oder der H\u00e4ufigkeit, mit der die Werbung angezeigt wird, eingef\u00fcgt hat.<\/li>\n<li><strong>Verhaltensbasierte Werbe-Cookies:<\/strong> Diese Cookies erm\u00f6glichen eine m\u00f6glichst effiziente Verwaltung der Werbefl\u00e4chen, die der Herausgeber gegebenenfalls auf einer Webseite, Anwendung oder Plattform, von der aus der angeforderte Dienst bereitgestellt wird, eingef\u00fcgt hat. Diese Cookies speichern Informationen \u00fcber das Verhalten der Nutzer, die durch die kontinuierliche Beobachtung ihrer Surfgewohnheiten gewonnen werden, was die Entwicklung eines spezifischen Profils erm\u00f6glicht, um darauf basierende Werbung anzuzeigen.<\/li>\n<\/ul>\n<p><strong>ZWECK DER COOKIES<\/strong><\/p>\n<p>Nachstehend finden Sie eine Liste der Cookies, die Sie auf unserer Website finden k\u00f6nnen, sowie eine kurze Beschreibung ihres Zwecks. Wir versichern Ihnen, dass keines von ihnen pers\u00f6nlich identifizierbare Informationen \u00fcber Sie speichert. Einige Cookies personalisieren Ihren Besuch, andere speichern Ihre Pr\u00e4ferenzen, wieder andere liefern uns lediglich Besucherstatistiken:<\/p>\n<p>Analyse-Cookies. Es handelt sich um Cookies, die entweder von uns oder von Dritten verarbeitet werden und die es uns erm\u00f6glichen, die Anzahl der Nutzer zu quantifizieren und Messungen und statistische Analysen durchzuf\u00fchren. Diese Website benutzt Google Analytics, einen Website-Analysedienst der Google Inc. Die von Google Analytics erhaltenen Informationen lassen keine Identifizierung des Nutzers zu und werden nur f\u00fcr statistische Zwecke verwendet. Weitere Informationen \u00fcber Google Anaylitics finden Sie unter: <a href=\"http:\/\/www.google.es\/intl\/es\/analytics\/privacyoverview.html\">http:\/\/www.google.es\/intl\/es\/analytics\/privacyoverview.html<\/a><\/p>\n<p>Streng notwendige Cookies. Dies sind diejenigen, die es Ihnen erm\u00f6glichen, auf der Website zu navigieren und ihre wesentlichen Funktionen zu nutzen. Diese Cookies sammeln keine Informationen \u00fcber Ihr Surfverhalten, die f\u00fcr Marketingzwecke verwendet werden k\u00f6nnen oder um sich zu merken, welche Seiten Sie besucht haben.<\/p>\n<div class=\"cky-audit-table-element\"><\/div>\n<p><strong>SCHUTZVORKEHRUNGEN<\/strong><\/p>\n<p>Der Benutzer kann seinen Browser so konfigurieren, dass er die Cookies, die er erh\u00e4lt, akzeptiert oder nicht, oder dass der Browser ihn warnt, wenn ein Server ein Cookie speichern oder von seinem Computer l\u00f6schen m\u00f6chte. Anweisungen dazu finden Sie in den Sicherheitseinstellungen Ihres Webbrowsers.<\/p>\n<p>Beispiele:<\/p>\n<ul>\n<li>Wenn Sie den Microsoft Internet Explorer verwenden, finden Sie unter dem Men\u00fcpunkt Extras &gt; Internetoptionen &gt; Datenschutz &gt; Einstellungen.<\/li>\n<li>Wenn Sie Firefox verwenden, unter dem Men\u00fcpunkt Extras &gt; Optionen &gt; Datenschutz &gt; Cookies.<\/li>\n<li>Wenn Sie Google Chrome verwenden, unter dem Men\u00fcpunkt Einstellungen &gt; Datenschutz.<\/li>\n<li>Wenn Sie Safari verwenden, unter dem Men\u00fcpunkt Einstellungen &gt; Sicherheit.<\/li>\n<li>Wenn Sie Oper verwenden &gt; Einstellungen &gt; Pers\u00f6nliche Daten l\u00f6schen.<\/li>\n<li>Wenn Sie einen nativen Browser Ihres mobilen Endger\u00e4ts verwenden, Einstellungen &gt; Daten l\u00f6schen oder Datenschutz und Sicherheit*.<\/li>\n<\/ul>\n<p>*Kann je nach Modell der Betriebssystemversion abweichen<\/p>\n<p>Sie k\u00f6nnen den Abschnitt &#8222;Hilfe&#8220; in der Symbolleiste der meisten Browser verwenden, um die Einstellungen auf Ihrem Computer zu \u00e4ndern. Einige Funktionen unserer Online-Dienste funktionieren jedoch m\u00f6glicherweise nicht oder sind schwerer zug\u00e4nglich, wenn Sie alle Cookies ablehnen.<\/p>\n<p><strong> COOKIE-EINSTELLUNGEN VERWALTEN<\/strong><\/p>\n<p><button class=\"cky-banner-element\"> Cookie-Einstellungen \u00e4ndern <\/button><\/p>\n<p>Sie k\u00f6nnen Ihre Cookie-Einstellungen jederzeit \u00e4ndern, indem Sie auf die Schaltfl\u00e4che oben klicken. Auf diese Weise k\u00f6nnen Sie das Cookie-Einwilligungsbanner erneut aufrufen und Ihre Einstellungen \u00e4ndern oder Ihre Einwilligung sofort widerrufen.<\/p>\n<p>Dar\u00fcber hinaus bieten verschiedene Browser unterschiedliche Methoden zum Blockieren und L\u00f6schen von Cookies, die von Websites verwendet werden. Sie k\u00f6nnen die Einstellungen Ihres Browsers \u00e4ndern, um Cookies zu blockieren\/l\u00f6schen. Nachstehend finden Sie Links zu Support-Dokumenten, die Ihnen zeigen, wie Sie Cookies in den wichtigsten Webbrowsern verwalten und l\u00f6schen k\u00f6nnen.<\/p>\n<p><strong>COOKIES BLOCKIEREN ODER L\u00d6SCHEN<\/strong><\/p>\n<ul>\n<li>Sie k\u00f6nnen auf Ihrem Computer installierte Cookies zulassen, blockieren oder l\u00f6schen, indem Sie die auf Ihrem Computer installierten Browseroptionen konfigurieren.<\/li>\n<li>F\u00fcr weitere Informationen \u00fcber <strong>Chrome <\/strong>klicken Sie auf diesen<a href=\"https:\/\/support.google.com\/chrome\/answer\/95647?co=GENIE.Platform%3DDesktop&amp;hl=es\">Link<\/a>.<\/li>\n<li>F\u00fcr weitere Informationen \u00fcber <strong>Safari<\/strong> klicken Sie auf diesen <a href=\"https:\/\/support.apple.com\/es-es\/guide\/safari\/sfri11471\/mac\">Link.<\/a><\/li>\n<li>F\u00fcr weitere Informationen \u00fcber <strong>Firefox<\/strong> klicken Sie auf diesen <a href=\"https:\/\/support.mozilla.org\/es\/kb\/habilitar-y-deshabilitar-cookies-sitios-web-rastrear-preferencias\">Link.<\/a><\/li>\n<li>F\u00fcr weitere Informationen \u00fcber <strong>Internet Explorer<\/strong> klicken Sie auf diesen <a href=\"https:\/\/support.microsoft.com\/es-es\/help\/278835\/how-to-delete-cookie-files-in-internet-explorer\">Link<\/a>.<\/li>\n<li>F\u00fcr weitere Informationen \u00fcber <strong>Microsoft Edge<\/strong> klicken Sie auf diesen <a href=\"https:\/\/support.microsoft.com\/es-es\/windows\/microsoft-edge-datos-de-exploraci%C3%B3n-y-privacidad-bb8174ba-9d73-dcf2-9b4a-c582b4e640dd\">Link<\/a>.<\/li>\n<li>Bitte lesen Sie den Hilfebereich Ihres Browsers sorgf\u00e4ltig durch, um mehr dar\u00fcber zu erfahren, wie Sie den &#8222;privaten Modus&#8220; aktivieren k\u00f6nnen.<\/li>\n<li>Sie k\u00f6nnen unsere Website auch dann besuchen, wenn sich Ihr Browser im &#8222;privaten Modus&#8220; befindet. Allerdings kann es sein, dass die Benutzerfreundlichkeit nicht optimal ist und dass einige Dienstprogramme nicht funktionieren.<\/li>\n<li>Dar\u00fcber hinaus k\u00f6nnen Sie den Cookie-Speicher in Ihrem Browser auch mit Hilfe von Tools wie den folgenden verwalten:<\/li>\n<\/ul>\n<ul>\n<li>Ghostery: <a href=\"http:\/\/www.ghostery.com\/\">www.ghostery.com\/<\/a><\/li>\n<li>Ihre Online-Entscheidungen: <a href=\"http:\/\/www.youronlinechoices.com\/es\/\">www.youronlinechoices.com\/es\/<\/a><\/li>\n<\/ul>\n<p><strong>BEATHEIM<\/strong> bedankt sich daf\u00fcr, dass Sie die Annahme von Cookies aktiviert haben. Dies hilft uns, genauere Daten zu erhalten, die es uns erm\u00f6glichen, den Inhalt und das Design unserer Website entsprechend Ihren Pr\u00e4ferenzen zu verbessern.<\/p>\n<p>\n<\/div><\/div><\/div><\/div><\/div><\/div><\/div><!-- cell_inner --><\/div><!-- cell --><\/div><!-- port --><\/section><\/p>\n","protected":false},"excerpt":{"rendered":"","protected":false},"author":31,"featured_media":0,"parent":0,"menu_order":0,"comment_status":"closed","ping_status":"closed","template":"","meta":{"footnotes":""},"class_list":["post-9621","page","type-page","status-publish","hentry"],"yoast_head":"<!-- This site is optimized with the Yoast SEO plugin v27.4 - https:\/\/yoast.com\/product\/yoast-seo-wordpress\/ -->\n<title>Cookies &#187; BEATHEIM<\/title>\n<meta name=\"robots\" content=\"noindex, nofollow\" \/>\n<meta property=\"og:locale\" content=\"de_DE\" \/>\n<meta property=\"og:type\" content=\"article\" \/>\n<meta property=\"og:title\" content=\"Cookies &#187; BEATHEIM\" \/>\n<meta property=\"og:url\" content=\"https:\/\/www.beatheim.com\/de\/cookies\/\" \/>\n<meta property=\"og:site_name\" content=\"BEATHEIM\" \/>\n<meta property=\"article:publisher\" content=\"https:\/\/www.facebook.com\/Beatheimdjacademy\" \/>\n<meta property=\"article:modified_time\" content=\"2022-10-14T11:50:21+00:00\" \/>\n<meta name=\"twitter:card\" content=\"summary_large_image\" \/>\n<meta name=\"twitter:label1\" content=\"Gesch\u00e4tzte Lesezeit\" \/>\n\t<meta name=\"twitter:data1\" content=\"1\u00a0Minute\" \/>\n<script type=\"application\/ld+json\" class=\"yoast-schema-graph\">{\"@context\":\"https:\\\/\\\/schema.org\",\"@graph\":[{\"@type\":\"WebPage\",\"@id\":\"https:\\\/\\\/www.beatheim.com\\\/de\\\/cookies\\\/\",\"url\":\"https:\\\/\\\/www.beatheim.com\\\/de\\\/cookies\\\/\",\"name\":\"Cookies &#187; BEATHEIM\",\"isPartOf\":{\"@id\":\"https:\\\/\\\/www.beatheim.com\\\/de\\\/#website\"},\"datePublished\":\"2022-10-14T11:49:50+00:00\",\"dateModified\":\"2022-10-14T11:50:21+00:00\",\"inLanguage\":\"de\",\"potentialAction\":[{\"@type\":\"ReadAction\",\"target\":[\"https:\\\/\\\/www.beatheim.com\\\/de\\\/cookies\\\/\"]}]},{\"@type\":\"WebSite\",\"@id\":\"https:\\\/\\\/www.beatheim.com\\\/de\\\/#website\",\"url\":\"https:\\\/\\\/www.beatheim.com\\\/de\\\/\",\"name\":\"BEATHEIM\",\"description\":\"Beatheim DJ Academy in Berlin\",\"potentialAction\":[{\"@type\":\"SearchAction\",\"target\":{\"@type\":\"EntryPoint\",\"urlTemplate\":\"https:\\\/\\\/www.beatheim.com\\\/de\\\/?s={search_term_string}\"},\"query-input\":{\"@type\":\"PropertyValueSpecification\",\"valueRequired\":true,\"valueName\":\"search_term_string\"}}],\"inLanguage\":\"de\"}]}<\/script>\n<!-- \/ Yoast SEO plugin. -->","yoast_head_json":{"title":"Cookies &#187; BEATHEIM","robots":{"index":"noindex","follow":"nofollow"},"og_locale":"de_DE","og_type":"article","og_title":"Cookies &#187; BEATHEIM","og_url":"https:\/\/www.beatheim.com\/de\/cookies\/","og_site_name":"BEATHEIM","article_publisher":"https:\/\/www.facebook.com\/Beatheimdjacademy","article_modified_time":"2022-10-14T11:50:21+00:00","twitter_card":"summary_large_image","twitter_misc":{"Gesch\u00e4tzte Lesezeit":"1\u00a0Minute"},"schema":{"@context":"https:\/\/schema.org","@graph":[{"@type":"WebPage","@id":"https:\/\/www.beatheim.com\/de\/cookies\/","url":"https:\/\/www.beatheim.com\/de\/cookies\/","name":"Cookies &#187; BEATHEIM","isPartOf":{"@id":"https:\/\/www.beatheim.com\/de\/#website"},"datePublished":"2022-10-14T11:49:50+00:00","dateModified":"2022-10-14T11:50:21+00:00","inLanguage":"de","potentialAction":[{"@type":"ReadAction","target":["https:\/\/www.beatheim.com\/de\/cookies\/"]}]},{"@type":"WebSite","@id":"https:\/\/www.beatheim.com\/de\/#website","url":"https:\/\/www.beatheim.com\/de\/","name":"BEATHEIM","description":"Beatheim DJ Academy in Berlin","potentialAction":[{"@type":"SearchAction","target":{"@type":"EntryPoint","urlTemplate":"https:\/\/www.beatheim.com\/de\/?s={search_term_string}"},"query-input":{"@type":"PropertyValueSpecification","valueRequired":true,"valueName":"search_term_string"}}],"inLanguage":"de"}]}},"_links":{"self":[{"href":"https:\/\/www.beatheim.com\/de\/wp-json\/wp\/v2\/pages\/9621","targetHints":{"allow":["GET"]}}],"collection":[{"href":"https:\/\/www.beatheim.com\/de\/wp-json\/wp\/v2\/pages"}],"about":[{"href":"https:\/\/www.beatheim.com\/de\/wp-json\/wp\/v2\/types\/page"}],"author":[{"embeddable":true,"href":"https:\/\/www.beatheim.com\/de\/wp-json\/wp\/v2\/users\/31"}],"replies":[{"embeddable":true,"href":"https:\/\/www.beatheim.com\/de\/wp-json\/wp\/v2\/comments?post=9621"}],"version-history":[{"count":0,"href":"https:\/\/www.beatheim.com\/de\/wp-json\/wp\/v2\/pages\/9621\/revisions"}],"wp:attachment":[{"href":"https:\/\/www.beatheim.com\/de\/wp-json\/wp\/v2\/media?parent=9621"}],"curies":[{"name":"wp","href":"https:\/\/api.w.org\/{rel}","templated":true}]}}