{"id":6392,"date":"2020-10-26T12:52:15","date_gmt":"2020-10-26T11:52:15","guid":{"rendered":"http:\/\/www.beatheim.com\/?page_id=6392"},"modified":"2025-03-20T15:18:32","modified_gmt":"2025-03-20T14:18:32","slug":"mixen-mit-vinyl-100-praktisch","status":"publish","type":"page","link":"https:\/\/www.beatheim.com\/de\/module\/modul-fuer-profis\/mixen-mit-vinyl-100-praktisch\/","title":{"rendered":"MIXEN MIT VINYL (100 % PRAKTISCH)"},"content":{"rendered":"<p><section id=\"bt_bb_section69e943103964a\" class=\"bt_bb_section bt_bb_color_scheme_1 bt_bb_layout_wide bt_bb_vertical_align_top bt_bb_background_overlay_dark_gradient bt_bb_top_spacing_large bt_bb_bottom_spacing_large\" style=\"; --section-primary-color:#ffffff; --section-secondary-color:#191919;\" data-bt-override-class=\"null\"><div class=\"bt_bb_background_image_holder_wrapper\"><div class=\"bt_bb_background_image_holder bt_bb_parallax\"  data-parallax=\"0.7\" data-parallax-offset=\"0\" data-parallax-zoom-start=\"1\" data-parallax-zoom-end=\"1\" data-parallax-blur-start=\"0\" data-parallax-blur-end=\"0\" data-parallax-opacity-start=\"1\" data-parallax-opacity-end=\"1\" style=\" background-image:url(&#039;https:\/\/www.beatheim.com\/wp-content\/uploads\/modulo-12-2.jpg&#039;);\"><\/div><\/div><div class=\"bt_bb_port\"><div class=\"bt_bb_cell\"><div class=\"bt_bb_cell_inner\"><div class=\"bt_bb_row \"  data-bt-override-class=\"{}\"><div class=\"bt_bb_row_holder\" ><div  class=\"bt_bb_column col-xxl-12 col-xl-12 bt_bb_vertical_align_top bt_bb_align_center bt_bb_padding_normal bt_bb_animation_fade_in move_up animate\" style=\"; --column-width:12;\" data-width=\"12\" data-bt-override-class=\"{}\"><div class=\"bt_bb_column_content\"><div class=\"bt_bb_column_content_inner\"><div class=\"bt_bb_separator bt_bb_border_style_none bt_bb_top_spacing_large bt_bb_bottom_spacing_large\" data-bt-override-class=\"null\"><\/div><header class=\"bt_bb_headline bt_bb_font_weight_lighter bt_bb_dash_none bt_bb_subheadline bt_bb_size_large bt_bb_align_inherit\" data-bt-override-class=\"{}\"><h1 class=\"bt_bb_headline_tag\"><span class=\"bt_bb_headline_content\"><span>MIXEN MIT VINYL (100 % PRAKTISCH) <\/span><\/span><\/h1><div class=\"bt_bb_headline_subheadline\">Modul 12<\/div><\/header><div id=\"contenidosticky\" class=\"bt_bb_separator bt_bb_border_style_none bt_bb_top_spacing_medium\" data-bt-override-class=\"null\"><\/div><\/div><\/div><\/div><\/div><\/div><\/div><!-- cell_inner --><\/div><!-- cell --><\/div><!-- port --><\/section><section id=\"bt_bb_section69e9431039c5a\" class=\"bt_bb_section bt_bb_color_scheme_1 bt_bb_layout_boxed_1200 bt_bb_vertical_align_top bt_bb_top_spacing_medium bt_bb_bottom_spacing_medium\" style=\"; --section-primary-color:#ffffff; --section-secondary-color:#191919;\" data-bt-override-class=\"null\"><div class=\"bt_bb_port\"><div class=\"bt_bb_cell\"><div class=\"bt_bb_cell_inner\"><div class=\"bt_bb_row \"  data-bt-override-class=\"{}\"><div class=\"bt_bb_row_holder\" ><div  class=\"bt_bb_column col-xxl-8 col-xl-8 bt_bb_vertical_align_top bt_bb_align_left bt_bb_padding_normal bt_bb_animation_fade_in animate\" style=\"; --column-width:8;\" data-width=\"8\" data-bt-override-class=\"{}\"><div class=\"bt_bb_column_content\"><div class=\"bt_bb_column_content_inner\"><header class=\"bt_bb_headline bt_bb_dash_none bt_bb_size_normal bt_bb_align_center\" data-bt-override-class=\"{}\"><h2 class=\"bt_bb_headline_tag\"><span class=\"bt_bb_headline_content\"><span>Was erwartet dich? <\/span><\/span><\/h2><\/header><div class=\"bt_bb_separator bt_bb_border_style_none bt_bb_top_spacing_medium\" data-bt-override-class=\"null\"><\/div><div  class=\"bt_bb_text\" ><\/p>\n<p><span style=\"font-weight: 400\">Jetzt ist es Zeit, durchzustarten! In diesem 100 % praxisorientierten Modul spielst du 1,5 Stunden mit Vinyl. Nat\u00fcrlich unterst\u00fctzen wir dich dabei und stehen mit Rat und Tat zur Seite.<\/span><\/p>\n<p><span style=\"font-weight: 400\">Dies gibt dir Sicherheit beim Spielen und du erh\u00e4ltst direktes Feedback, um dich weiterzuentwickeln und schneller deine F\u00e4higkeiten zu verbessern.\u00a0<\/span><\/p>\n<p><span style=\"font-weight: 400\">Selbstverst\u00e4ndlich steht dir daf\u00fcr unsere hochwertige Ausr\u00fcstung zur Verf\u00fcgung und wir nehmen dein DJ-Set auch auf, damit du deine Session in Ruhe anh\u00f6ren kannst.<\/span><\/p>\n<p><strong>Wir haben uns auf individuellen 1&amp;1-Unterricht spezialisier<\/strong>t, bieten aber auch die M\u00f6glichkeit, in Paaren oder kleinen Gruppen von maximal 4 Personen zu lernen.<\/p>\n<p>\n<\/div><div class=\"bt_bb_separator bt_bb_border_style_none bt_bb_bottom_spacing_normal\" data-bt-override-class=\"null\"><\/div><header class=\"bt_bb_headline bt_bb_dash_bottom bt_bb_size_small bt_bb_align_center\" data-bt-override-class=\"{}\"><h3 class=\"bt_bb_headline_tag\"><span class=\"bt_bb_headline_content\"><span>Ausstatung<\/span><\/span><\/h3><\/header><div class=\"bt_bb_separator bt_bb_border_style_none bt_bb_top_spacing_small\" data-bt-override-class=\"null\"><\/div><div class=\" bt_bb_row_inner\"   data-bt-override-class=\"{}\"><div class=\"bt_bb_row_inner_holder\"  ><div  class=\"bt_bb_column_inner col-xxl-12 col-xl-12 bt_bb_vertical_align_top bt_bb_align_left bt_bb_padding_normal\"  data-width=\"12\" data-bt-override-class=\"{}\"><div class=\"bt_bb_column_inner_content\"><div class=\"bt_bb_column_inner_content_inner\"><div  class=\"bt_bb_text\" ><\/p>\n<ul>\n<li style=\"font-weight: 400\"><span style=\"font-weight: 400\">2x Plattenspieler (Technics SL-1200 MK5)<\/span><\/li>\n<li style=\"font-weight: 400\"><span style=\"font-weight: 400\">1x DJ-Mixer (Pioneer DJM 750MK2)<\/span><\/li>\n<li style=\"font-weight: 400\"><span style=\"font-weight: 400\">2x Lautsprecher (Focal Alpha 50)<\/span><\/li>\n<li style=\"font-weight: 400\"><span style=\"font-weight: 400\">1x Audio-Recorder (H4N Zoom)<\/span><\/li>\n<\/ul>\n<p>\n<\/div><\/div><\/div><\/div><\/div><\/div><\/div><\/div><\/div><div  class=\"bt_bb_column col-xxl-4 col-xl-4 bt_bb_vertical_align_top bt_bb_align_left bt_bb_padding_double bt_bb_animation_fade_in move_right animate\" style=\"; --column-width:4;\" data-width=\"4\" data-bt-override-class=\"{}\"><div class=\"bt_bb_column_content\" style=\"background-color:rgba(20, 20, 20, 1);\"><div class=\"bt_bb_column_content_inner\"><div id=\"imagen-stick\" class=\"bt_bb_image bt_bb_shape_square bt_bb_target_self bt_bb_align_inherit bt_bb_hover_style_simple bt_bb_content_display_always bt_bb_content_align_middle\" style=\"margin: 0 -20px;\" data-bt-override-class=\"{}\"><span><img fetchpriority=\"high\" decoding=\"async\" width=\"2000\" height=\"1250\" src=\"https:\/\/www.beatheim.com\/wp-content\/uploads\/modulo-12-2.jpg\" class=\"attachment-full size-full\" alt=\"https:\/\/www.beatheim.com\/wp-content\/uploads\/modulo-12-2.jpg\" data-full_image_src=\"https:\/\/www.beatheim.com\/wp-content\/uploads\/modulo-12-2.jpg\" title=\"modulo-12\" loading=\"eager\" srcset=\"https:\/\/www.beatheim.com\/wp-content\/uploads\/modulo-12-2.jpg 2000w, https:\/\/www.beatheim.com\/wp-content\/uploads\/modulo-12-2-600x375.jpg 600w, https:\/\/www.beatheim.com\/wp-content\/uploads\/modulo-12-2-640x400.jpg 640w, https:\/\/www.beatheim.com\/wp-content\/uploads\/modulo-12-2-1280x800.jpg 1280w, https:\/\/www.beatheim.com\/wp-content\/uploads\/modulo-12-2-160x100.jpg 160w, https:\/\/www.beatheim.com\/wp-content\/uploads\/modulo-12-2-768x480.jpg 768w, https:\/\/www.beatheim.com\/wp-content\/uploads\/modulo-12-2-1536x960.jpg 1536w, https:\/\/www.beatheim.com\/wp-content\/uploads\/modulo-12-2-320x200.jpg 320w\" sizes=\"(max-width: 2000px) 100vw, 2000px\" \/><\/span><\/div><div class=\"bt_bb_separator bt_bb_border_style_none bt_bb_top_spacing_normal bt_bb_bottom_spacing_normal\" data-bt-override-class=\"null\"><\/div><header id=\"cotiza\" class=\"bt_bb_headline bt_bb_dash_none bt_bb_size_medium bt_bb_align_inherit\" style=\";color:#3f888f;border-color:#3f888f;\" data-bt-override-class=\"{}\"><h3 class=\"bt_bb_headline_tag\"><span class=\"bt_bb_headline_content\"><span>Vor-Ort-Unterricht<\/span><\/span><\/h3><\/header><div class=\"bt_bb_separator bt_bb_border_style_none bt_bb_top_spacing_normal\" data-bt-override-class=\"null\"><\/div><div class=\"bt_bb_icon bt_bb_color_scheme_6 bt_bb_style_borderless bt_bb_size_normal bt_bb_shape_circle bt_bb_target_self bt_bb_align_left\" style=\"margin-bottom:8px;width: 100%;; --primary-color:#ffffff; --secondary-color:#3f888f;\" data-bt-override-class=\"{}\"><span  data-ico-essential=\"&#xe9bb;\" class=\"bt_bb_icon_holder\"><span>Art: Vor-Ort<\/span><\/span><\/div><div class=\"bt_bb_icon bt_bb_color_scheme_6 bt_bb_style_borderless bt_bb_size_normal bt_bb_shape_circle bt_bb_target_self bt_bb_align_left\" style=\"margin-bottom:8px;width: 100%;; --primary-color:#ffffff; --secondary-color:#3f888f;\" data-bt-override-class=\"{}\"><span  data-ico-music01=\"&#xf137;\" class=\"bt_bb_icon_holder\"><span>Ebene: Professionell<\/span><\/span><\/div><div class=\"bt_bb_icon bt_bb_color_scheme_6 bt_bb_style_borderless bt_bb_size_normal bt_bb_shape_circle bt_bb_target_self bt_bb_align_left\" style=\"margin-bottom:8px;width: 100%;; --primary-color:#ffffff; --secondary-color:#3f888f;\" data-bt-override-class=\"{}\"><span  data-ico-development=\"&#xf149;\" class=\"bt_bb_icon_holder\"><span>Sprache: DE, EN, ES<\/span><\/span><\/div><div class=\"bt_bb_icon bt_bb_color_scheme_6 bt_bb_style_borderless bt_bb_size_normal bt_bb_shape_circle bt_bb_target_self bt_bb_align_left\" style=\"margin-bottom:8px;width: 100%;; --primary-color:#ffffff; --secondary-color:#3f888f;\" data-bt-override-class=\"{&quot;bt_bb_size_&quot;:{&quot;current_class&quot;:&quot;bt_bb_size_normal&quot;,&quot;def&quot;:&quot;normal&quot;,&quot;xl&quot;:&quot;normal&quot;},&quot;bt_bb_align_&quot;:{&quot;current_class&quot;:&quot;bt_bb_align_left&quot;,&quot;def&quot;:&quot;left&quot;,&quot;xl&quot;:&quot;left&quot;}}\"><span  data-ico-business=\"&#xf1a5;\" class=\"bt_bb_icon_holder\"><span>Dauer: 1,5 Stunden<\/span><\/span><\/div><div class=\"bt_bb_icon bt_bb_style_borderless bt_bb_size_normal bt_bb_shape_circle bt_bb_target_self bt_bb_align_left\" style=\"margin-bottom:8px;width: 100%;\" data-bt-override-class=\"{&quot;bt_bb_size_&quot;:{&quot;current_class&quot;:&quot;bt_bb_size_normal&quot;,&quot;def&quot;:&quot;normal&quot;,&quot;xl&quot;:&quot;normal&quot;},&quot;bt_bb_align_&quot;:{&quot;current_class&quot;:&quot;bt_bb_align_left&quot;,&quot;def&quot;:&quot;left&quot;,&quot;xl&quot;:&quot;left&quot;}}\"><span  data-ico-essential=\"&#xea64;\" class=\"bt_bb_icon_holder\"><span>Kapazit\u00e4t: 1 - 4 Personen<\/span><\/span><\/div><div class=\"bt_bb_icon bt_bb_style_borderless bt_bb_size_normal bt_bb_shape_circle bt_bb_target_self bt_bb_align_left\" style=\"margin-bottom:8px;width: 100%;\" data-bt-override-class=\"{&quot;bt_bb_size_&quot;:{&quot;current_class&quot;:&quot;bt_bb_size_normal&quot;,&quot;def&quot;:&quot;normal&quot;,&quot;xl&quot;:&quot;normal&quot;},&quot;bt_bb_align_&quot;:{&quot;current_class&quot;:&quot;bt_bb_align_left&quot;,&quot;def&quot;:&quot;left&quot;,&quot;xl&quot;:&quot;left&quot;}}\"><span  data-ico-essential=\"&#xea64;\" class=\"bt_bb_icon_holder\"><span>Unterricht: 1&amp;1<\/span><\/span><\/div><div class=\"bt_bb_icon bt_bb_color_scheme_6 bt_bb_style_borderless bt_bb_size_normal bt_bb_shape_circle bt_bb_target_self bt_bb_align_left\" style=\"margin-bottom:8px;width: 100%;; --primary-color:#ffffff; --secondary-color:#3f888f;\" data-bt-override-class=\"{&quot;bt_bb_size_&quot;:{&quot;current_class&quot;:&quot;bt_bb_size_normal&quot;,&quot;def&quot;:&quot;normal&quot;,&quot;xl&quot;:&quot;normal&quot;},&quot;bt_bb_align_&quot;:{&quot;current_class&quot;:&quot;bt_bb_align_left&quot;,&quot;def&quot;:&quot;left&quot;,&quot;xl&quot;:&quot;left&quot;}}\"><span  data-ico-business=\"&#xf18a;\" class=\"bt_bb_icon_holder\"><span>Preis: 99 \u20ac (pro Person)<\/span><\/span><\/div><div class=\"bt_bb_separator bt_bb_border_style_none\" data-bt-override-class=\"null\"><\/div><div  class=\"bt_bb_text\" ><\/p>\n<p><span style=\"font-weight: 400\">Enthalten in<\/span> <a href=\"https:\/\/www.beatheim.com\/de\/modulpakete\/profipaket\/\"><b>Profipaket <\/b><\/a><span style=\"font-weight: 400\">und<\/span> <a href=\"https:\/\/www.beatheim.com\/de\/modulpakete\/komplettpaket\/\"><b>Komplettpaket<\/b><\/a><\/p>\n<p>\n<\/div><div class=\"bt_bb_separator bt_bb_border_style_none bt_bb_bottom_spacing_normal\" data-bt-override-class=\"null\"><\/div><div class=\"bt_bb_button bt_bb_color_scheme_11 bt_bb_icon_position_right bt_bb_style_filled bt_bb_size_small bt_bb_width_full bt_bb_shape_inherit bt_bb_target_self bt_bb_align_inherit\" style=\"; --primary-color:#ffffff; --secondary-color:#3f888f;\" data-bt-override-class=\"{&quot;bt_bb_size_&quot;:{&quot;current_class&quot;:&quot;bt_bb_size_small&quot;,&quot;def&quot;:&quot;small&quot;,&quot;xl&quot;:&quot;small&quot;},&quot;bt_bb_align_&quot;:{&quot;current_class&quot;:&quot;bt_bb_align_inherit&quot;,&quot;def&quot;:&quot;inherit&quot;,&quot;xl&quot;:&quot;inherit&quot;}}\"><a href=\"https:\/\/www.beatheim.com\/de\/product\/buch-mixen-mit-vinyl-100-praktisch\/\" target=\"_self\" class=\"bt_bb_link\" title=\"ZUR BUCHUNG \"><span class=\"bt_bb_button_text\" >ZUR BUCHUNG <\/span><\/a><\/div><div class=\"bt_bb_button bt_bb_color_scheme_11 bt_bb_icon_position_right bt_bb_style_filled bt_bb_size_small bt_bb_width_full bt_bb_shape_inherit bt_bb_target_self bt_bb_align_inherit\" style=\"; --primary-color:#ffffff; --secondary-color:#3f888f;\" data-bt-override-class=\"{&quot;bt_bb_size_&quot;:{&quot;current_class&quot;:&quot;bt_bb_size_small&quot;,&quot;def&quot;:&quot;small&quot;,&quot;xl&quot;:&quot;small&quot;},&quot;bt_bb_align_&quot;:{&quot;current_class&quot;:&quot;bt_bb_align_inherit&quot;,&quot;def&quot;:&quot;inherit&quot;,&quot;xl&quot;:&quot;inherit&quot;}}\"><a href=\"https:\/\/www.beatheim.com\/de\/produkt\/gutscheine-praktische-module\/\" target=\"_self\" class=\"bt_bb_link\" title=\"Geschenkgutschein Kaufen\"><span class=\"bt_bb_button_text\" >Geschenkgutschein Kaufen<\/span><\/a><\/div><div class=\"bt_bb_separator bt_bb_border_style_none bt_bb_top_spacing_normal bt_bb_bottom_spacing_normal\" style=\"margin-right:-20px; margin-left:-20px; padding-top: 2em;; border-width: 1px; border-color: transparent; border-style: solid;\" data-bt-override-class=\"{&quot;bt_bb_top_spacing_&quot;:{&quot;current_class&quot;:&quot;bt_bb_top_spacing_normal&quot;,&quot;def&quot;:&quot;normal&quot;,&quot;xl&quot;:&quot;normal&quot;},&quot;bt_bb_bottom_spacing_&quot;:{&quot;current_class&quot;:&quot;bt_bb_bottom_spacing_normal&quot;,&quot;def&quot;:&quot;normal&quot;,&quot;xl&quot;:&quot;normal&quot;}}\"><\/div><\/div><\/div><\/div><\/div><\/div><\/div><!-- cell_inner --><\/div><!-- cell --><\/div><!-- port --><\/section><section id=\"restablecersticky\" class=\"bt_bb_section bt_bb_layout_boxed_1200 bt_bb_vertical_align_top bt_bb_hidden_sm bt_bb_hidden_md bt_bb_hidden_lg\"  data-bt-override-class=\"null\"><div class=\"bt_bb_port\"><div class=\"bt_bb_cell\"><div class=\"bt_bb_cell_inner\"><div class=\"bt_bb_row \"  data-bt-override-class=\"{}\"><div class=\"bt_bb_row_holder\" ><div  class=\"bt_bb_column col-xxl-12 col-xl-12 bt_bb_vertical_align_top bt_bb_align_left bt_bb_padding_normal\" style=\"; --column-width:12;\" data-width=\"12\" data-bt-override-class=\"{}\"><div class=\"bt_bb_column_content\"><div class=\"bt_bb_column_content_inner\"><div class=\"bt_bb_separator bt_bb_border_style_none bt_bb_top_spacing_medium\" data-bt-override-class=\"null\"><\/div><\/div><\/div><\/div><\/div><\/div><\/div><!-- cell_inner --><\/div><!-- cell --><\/div><!-- port --><\/section><section id=\"barra-ver-fechas\" class=\"bt_bb_section bt_bb_layout_boxed_1200 bt_bb_vertical_align_top bt_bb_hidden_sm bt_bb_hidden_md bt_bb_hidden_lg\" style=\";background-color:#191919;\" data-bt-override-class=\"null\"><div class=\"bt_bb_port\"><div class=\"bt_bb_cell\"><div class=\"bt_bb_cell_inner\"><div class=\"bt_bb_row \"  data-bt-override-class=\"{}\"><div class=\"bt_bb_row_holder\" ><div  class=\"bt_bb_column col-xxl-6 col-xl-6 bt_bb_vertical_align_top bt_bb_align_left bt_bb_padding_normal\" style=\"; --column-width:6;\" data-width=\"6\" data-bt-override-class=\"{}\"><div class=\"bt_bb_column_content\"><div class=\"bt_bb_column_content_inner\"><div class=\"bt_bb_image bt_bb_shape_square bt_bb_target_self bt_bb_align_left bt_bb_hover_style_simple bt_bb_content_display_always bt_bb_content_align_middle bt_bb_hidden_xs bt_bb_hidden_ms bt_bb_hidden_sm\" style=\"padding-right: 20px;\" data-bt-override-class=\"{}\"><span><img loading=\"lazy\" decoding=\"async\" width=\"51\" height=\"51\" src=\"https:\/\/www.beatheim.com\/wp-content\/uploads\/icono-mapa-BDA.png\" class=\"attachment-full size-full\" alt=\"Berlin DJ Academy\" data-full_image_src=\"https:\/\/www.beatheim.com\/wp-content\/uploads\/icono-mapa-BDA.png\" title=\"Berlin DJ Academy\" \/><\/span><\/div><div  class=\"bt_bb_text\" ><\/p>\n<p>Modul 12<br \/>\nMIXEN MIT VINYL (100 % PRAKTISCH)<\/p>\n<p>\n<\/div><\/div><\/div><\/div><div  class=\"bt_bb_column col-xxl-6 col-xl-6 bt_bb_vertical_align_middle bt_bb_align_center bt_bb_padding_normal\" style=\"; --column-width:6;\" data-width=\"6\" data-bt-override-class=\"{}\"><div class=\"bt_bb_column_content\"><div class=\"bt_bb_column_content_inner\"><div class=\"bt_bb_button bt_bb_color_scheme_8 bt_bb_icon_position_right bt_bb_style_outline bt_bb_size_small bt_bb_width_inline bt_bb_shape_inherit bt_bb_target_self bt_bb_align_inherit\" style=\"; --primary-color:#3f888f; --secondary-color:#ffffff;\" data-bt-override-class=\"{&quot;bt_bb_size_&quot;:{&quot;current_class&quot;:&quot;bt_bb_size_small&quot;,&quot;def&quot;:&quot;small&quot;,&quot;xl&quot;:&quot;small&quot;},&quot;bt_bb_align_&quot;:{&quot;current_class&quot;:&quot;bt_bb_align_inherit&quot;,&quot;def&quot;:&quot;inherit&quot;,&quot;xl&quot;:&quot;inherit&quot;}}\"><a href=\"https:\/\/www.beatheim.com\/de\/product\/buch-mixen-mit-vinyl-100-praktisch\/\" target=\"_self\" class=\"bt_bb_link\" title=\"ZUR BUCHUNG \"><span class=\"bt_bb_button_text\" >ZUR BUCHUNG <\/span><\/a><\/div><div class=\"bt_bb_button bt_bb_color_scheme_8 bt_bb_icon_position_right bt_bb_style_outline bt_bb_size_small bt_bb_width_inline bt_bb_shape_inherit bt_bb_target_self bt_bb_align_inherit\" style=\"; --primary-color:#3f888f; --secondary-color:#ffffff;\" data-bt-override-class=\"{&quot;bt_bb_size_&quot;:{&quot;current_class&quot;:&quot;bt_bb_size_small&quot;,&quot;def&quot;:&quot;small&quot;,&quot;xl&quot;:&quot;small&quot;},&quot;bt_bb_align_&quot;:{&quot;current_class&quot;:&quot;bt_bb_align_inherit&quot;,&quot;def&quot;:&quot;inherit&quot;,&quot;xl&quot;:&quot;inherit&quot;}}\"><a href=\"https:\/\/www.beatheim.com\/de\/produkt\/gutscheine-praktische-module\/\" target=\"_self\" class=\"bt_bb_link\" title=\"Geschenkgutschein Kaufen\"><span class=\"bt_bb_button_text\" >Geschenkgutschein Kaufen<\/span><\/a><\/div><\/div><\/div><\/div><\/div><\/div><div class=\"bt_bb_row \"  data-bt-override-class=\"{}\"><div class=\"bt_bb_row_holder\" ><div  class=\"bt_bb_column col-xxl-12 col-xl-12 bt_bb_vertical_align_top bt_bb_align_left bt_bb_padding_normal\" style=\"; --column-width:12;\" data-width=\"12\" data-bt-override-class=\"{}\"><div class=\"bt_bb_column_content\"><div class=\"bt_bb_column_content_inner\"><div class=\"bt_bb_separator bt_bb_border_style_none bt_bb_bottom_spacing_small\" data-bt-override-class=\"null\"><\/div><\/div><\/div><\/div><\/div><\/div><\/div><!-- cell_inner --><\/div><!-- cell --><\/div><!-- port --><\/section><\/p>\n","protected":false},"excerpt":{"rendered":"","protected":false},"author":1,"featured_media":0,"parent":6079,"menu_order":5,"comment_status":"closed","ping_status":"closed","template":"","meta":{"footnotes":""},"class_list":["post-6392","page","type-page","status-publish","hentry"],"yoast_head":"<!-- This site is optimized with the Yoast SEO plugin v27.4 - https:\/\/yoast.com\/product\/yoast-seo-wordpress\/ -->\n<title>MIXEN MIT VINYL (100 % PRAKTISCH) &#187; BEATHEIM<\/title>\n<meta name=\"robots\" content=\"index, follow, max-snippet:-1, max-image-preview:large, max-video-preview:-1\" \/>\n<link rel=\"canonical\" href=\"https:\/\/www.beatheim.com\/de\/module\/modul-fuer-profis\/mixen-mit-vinyl-100-praktisch\/\" \/>\n<meta property=\"og:locale\" content=\"de_DE\" \/>\n<meta property=\"og:type\" content=\"article\" \/>\n<meta property=\"og:title\" content=\"MIXEN MIT VINYL (100 % PRAKTISCH) &#187; BEATHEIM\" \/>\n<meta property=\"og:url\" content=\"https:\/\/www.beatheim.com\/de\/module\/modul-fuer-profis\/mixen-mit-vinyl-100-praktisch\/\" \/>\n<meta property=\"og:site_name\" content=\"BEATHEIM\" \/>\n<meta property=\"article:publisher\" content=\"https:\/\/www.facebook.com\/Beatheimdjacademy\" \/>\n<meta property=\"article:modified_time\" content=\"2025-03-20T14:18:32+00:00\" \/>\n<meta name=\"twitter:card\" content=\"summary_large_image\" \/>\n<meta name=\"twitter:label1\" content=\"Gesch\u00e4tzte Lesezeit\" \/>\n\t<meta name=\"twitter:data1\" content=\"4\u00a0Minuten\" \/>\n<script type=\"application\/ld+json\" class=\"yoast-schema-graph\">{\"@context\":\"https:\\\/\\\/schema.org\",\"@graph\":[{\"@type\":\"WebPage\",\"@id\":\"https:\\\/\\\/www.beatheim.com\\\/de\\\/module\\\/modul-fuer-profis\\\/mixen-mit-vinyl-100-praktisch\\\/\",\"url\":\"https:\\\/\\\/www.beatheim.com\\\/de\\\/module\\\/modul-fuer-profis\\\/mixen-mit-vinyl-100-praktisch\\\/\",\"name\":\"MIXEN MIT VINYL (100 % PRAKTISCH) &#187; BEATHEIM\",\"isPartOf\":{\"@id\":\"https:\\\/\\\/www.beatheim.com\\\/de\\\/#website\"},\"datePublished\":\"2020-10-26T11:52:15+00:00\",\"dateModified\":\"2025-03-20T14:18:32+00:00\",\"breadcrumb\":{\"@id\":\"https:\\\/\\\/www.beatheim.com\\\/de\\\/module\\\/modul-fuer-profis\\\/mixen-mit-vinyl-100-praktisch\\\/#breadcrumb\"},\"inLanguage\":\"de\",\"potentialAction\":[{\"@type\":\"ReadAction\",\"target\":[\"https:\\\/\\\/www.beatheim.com\\\/de\\\/module\\\/modul-fuer-profis\\\/mixen-mit-vinyl-100-praktisch\\\/\"]}]},{\"@type\":\"BreadcrumbList\",\"@id\":\"https:\\\/\\\/www.beatheim.com\\\/de\\\/module\\\/modul-fuer-profis\\\/mixen-mit-vinyl-100-praktisch\\\/#breadcrumb\",\"itemListElement\":[{\"@type\":\"ListItem\",\"position\":1,\"name\":\"Module\",\"item\":\"https:\\\/\\\/www.beatheim.com\\\/de\\\/module\\\/\"},{\"@type\":\"ListItem\",\"position\":2,\"name\":\"Profis\",\"item\":\"https:\\\/\\\/www.beatheim.com\\\/de\\\/module\\\/modul-fuer-profis\\\/\"},{\"@type\":\"ListItem\",\"position\":3,\"name\":\"MIXEN MIT VINYL (100 % PRAKTISCH)\"}]},{\"@type\":\"WebSite\",\"@id\":\"https:\\\/\\\/www.beatheim.com\\\/de\\\/#website\",\"url\":\"https:\\\/\\\/www.beatheim.com\\\/de\\\/\",\"name\":\"BEATHEIM\",\"description\":\"Beatheim DJ Academy in Berlin\",\"potentialAction\":[{\"@type\":\"SearchAction\",\"target\":{\"@type\":\"EntryPoint\",\"urlTemplate\":\"https:\\\/\\\/www.beatheim.com\\\/de\\\/?s={search_term_string}\"},\"query-input\":{\"@type\":\"PropertyValueSpecification\",\"valueRequired\":true,\"valueName\":\"search_term_string\"}}],\"inLanguage\":\"de\"}]}<\/script>\n<!-- \/ Yoast SEO plugin. -->","yoast_head_json":{"title":"MIXEN MIT VINYL (100 % PRAKTISCH) &#187; BEATHEIM","robots":{"index":"index","follow":"follow","max-snippet":"max-snippet:-1","max-image-preview":"max-image-preview:large","max-video-preview":"max-video-preview:-1"},"canonical":"https:\/\/www.beatheim.com\/de\/module\/modul-fuer-profis\/mixen-mit-vinyl-100-praktisch\/","og_locale":"de_DE","og_type":"article","og_title":"MIXEN MIT VINYL (100 % PRAKTISCH) &#187; BEATHEIM","og_url":"https:\/\/www.beatheim.com\/de\/module\/modul-fuer-profis\/mixen-mit-vinyl-100-praktisch\/","og_site_name":"BEATHEIM","article_publisher":"https:\/\/www.facebook.com\/Beatheimdjacademy","article_modified_time":"2025-03-20T14:18:32+00:00","twitter_card":"summary_large_image","twitter_misc":{"Gesch\u00e4tzte Lesezeit":"4\u00a0Minuten"},"schema":{"@context":"https:\/\/schema.org","@graph":[{"@type":"WebPage","@id":"https:\/\/www.beatheim.com\/de\/module\/modul-fuer-profis\/mixen-mit-vinyl-100-praktisch\/","url":"https:\/\/www.beatheim.com\/de\/module\/modul-fuer-profis\/mixen-mit-vinyl-100-praktisch\/","name":"MIXEN MIT VINYL (100 % PRAKTISCH) &#187; BEATHEIM","isPartOf":{"@id":"https:\/\/www.beatheim.com\/de\/#website"},"datePublished":"2020-10-26T11:52:15+00:00","dateModified":"2025-03-20T14:18:32+00:00","breadcrumb":{"@id":"https:\/\/www.beatheim.com\/de\/module\/modul-fuer-profis\/mixen-mit-vinyl-100-praktisch\/#breadcrumb"},"inLanguage":"de","potentialAction":[{"@type":"ReadAction","target":["https:\/\/www.beatheim.com\/de\/module\/modul-fuer-profis\/mixen-mit-vinyl-100-praktisch\/"]}]},{"@type":"BreadcrumbList","@id":"https:\/\/www.beatheim.com\/de\/module\/modul-fuer-profis\/mixen-mit-vinyl-100-praktisch\/#breadcrumb","itemListElement":[{"@type":"ListItem","position":1,"name":"Module","item":"https:\/\/www.beatheim.com\/de\/module\/"},{"@type":"ListItem","position":2,"name":"Profis","item":"https:\/\/www.beatheim.com\/de\/module\/modul-fuer-profis\/"},{"@type":"ListItem","position":3,"name":"MIXEN MIT VINYL (100 % PRAKTISCH)"}]},{"@type":"WebSite","@id":"https:\/\/www.beatheim.com\/de\/#website","url":"https:\/\/www.beatheim.com\/de\/","name":"BEATHEIM","description":"Beatheim DJ Academy in Berlin","potentialAction":[{"@type":"SearchAction","target":{"@type":"EntryPoint","urlTemplate":"https:\/\/www.beatheim.com\/de\/?s={search_term_string}"},"query-input":{"@type":"PropertyValueSpecification","valueRequired":true,"valueName":"search_term_string"}}],"inLanguage":"de"}]}},"_links":{"self":[{"href":"https:\/\/www.beatheim.com\/de\/wp-json\/wp\/v2\/pages\/6392","targetHints":{"allow":["GET"]}}],"collection":[{"href":"https:\/\/www.beatheim.com\/de\/wp-json\/wp\/v2\/pages"}],"about":[{"href":"https:\/\/www.beatheim.com\/de\/wp-json\/wp\/v2\/types\/page"}],"author":[{"embeddable":true,"href":"https:\/\/www.beatheim.com\/de\/wp-json\/wp\/v2\/users\/1"}],"replies":[{"embeddable":true,"href":"https:\/\/www.beatheim.com\/de\/wp-json\/wp\/v2\/comments?post=6392"}],"version-history":[{"count":1,"href":"https:\/\/www.beatheim.com\/de\/wp-json\/wp\/v2\/pages\/6392\/revisions"}],"predecessor-version":[{"id":13579,"href":"https:\/\/www.beatheim.com\/de\/wp-json\/wp\/v2\/pages\/6392\/revisions\/13579"}],"up":[{"embeddable":true,"href":"https:\/\/www.beatheim.com\/de\/wp-json\/wp\/v2\/pages\/6079"}],"wp:attachment":[{"href":"https:\/\/www.beatheim.com\/de\/wp-json\/wp\/v2\/media?parent=6392"}],"curies":[{"name":"wp","href":"https:\/\/api.w.org\/{rel}","templated":true}]}}